{"id":1400,"date":"2025-08-27T11:07:15","date_gmt":"2025-08-27T09:07:15","guid":{"rendered":"https:\/\/www.aldoriababy.com\/?page_id=1400"},"modified":"2026-04-13T14:35:30","modified_gmt":"2026-04-13T12:35:30","slug":"datenschutzbestimmungen","status":"publish","type":"page","link":"https:\/\/www.aldoriababy.com\/de\/integritetspolicy\/","title":{"rendered":"Datenschutzbestimmungen"},"content":{"rendered":"<div data-elementor-type=\"wp-page\" data-elementor-id=\"1400\" class=\"elementor elementor-1400\" data-elementor-post-type=\"page\">\n\t\t\t\t<div class=\"elementor-element elementor-element-87b7c8c e-con-full e-flex e-con e-parent\" data-id=\"87b7c8c\" data-element_type=\"container\" data-e-type=\"container\" data-settings=\"{&quot;background_background&quot;:&quot;classic&quot;}\">\n\t\t<div class=\"elementor-element elementor-element-371ae6e e-flex e-con-boxed e-con e-child\" data-id=\"371ae6e\" data-element_type=\"container\" data-e-type=\"container\">\n\t\t\t\t\t<div class=\"e-con-inner\">\n\t\t\t\t<div class=\"elementor-element elementor-element-bcbfee2 elementor-widget elementor-widget-heading\" data-id=\"bcbfee2\" data-element_type=\"widget\" data-e-type=\"widget\" data-widget_type=\"heading.default\">\n\t\t\t\t<div class=\"elementor-widget-container\">\n\t\t\t\t\t<h1 class=\"elementor-heading-title elementor-size-default\">Datenschutzbestimmungen<\/h1>\t\t\t\t<\/div>\n\t\t\t\t<\/div>\n\t\t\t\t\t<\/div>\n\t\t\t\t<\/div>\n\t\t\t\t<\/div>\n\t\t<div class=\"elementor-element elementor-element-635dcb46 e-flex e-con-boxed e-con e-parent\" data-id=\"635dcb46\" data-element_type=\"container\" data-e-type=\"container\">\n\t\t\t\t\t<div class=\"e-con-inner\">\n\t\t\t\t<div class=\"elementor-element elementor-element-4bbc70d0 elementor-widget elementor-widget-text-editor\" data-id=\"4bbc70d0\" data-element_type=\"widget\" data-e-type=\"widget\" data-widget_type=\"text-editor.default\">\n\t\t\t\t<div class=\"elementor-widget-container\">\n\t\t\t\t\t\t\t\t\t<p>Unsere Website-Adresse lautet: www.aldoriababy.com, Eigentum von Organic Trade Sweden AB, Org. Nr. 559326-5399, weiter genannt Aldoriababy.com. Wir von Aldoriababy.com m\u00f6chten, dass Sie sich stets darauf verlassen k\u00f6nnen, dass die pers\u00f6nlichen Daten, die Sie uns zur Verf\u00fcgung stellen, auf korrekte, verantwortungsvolle und sichere Weise verarbeitet werden. Wir m\u00f6chten auch, dass Sie immer darauf vertrauen k\u00f6nnen, dass Ihre pers\u00f6nlichen Daten in \u00dcbereinstimmung mit den Gesetzen und Vorschriften verarbeitet werden, die f\u00fcr die Verarbeitung pers\u00f6nlicher Daten gelten.<\/p><h2>Datenkontrolleur<\/h2><p>Aldoriababy.com ist der Datenverantwortliche f\u00fcr die Verarbeitung Ihrer pers\u00f6nlichen Daten und ist daher daf\u00fcr verantwortlich, dass Ihre Daten korrekt und sicher in \u00dcbereinstimmung mit dem geltenden Recht behandelt werden.<\/p><h2>Welche pers\u00f6nlichen Daten sammeln wir und woher kommen sie?<\/h2><p>Wenn Sie mit uns auf Aldoriababy.com in Kontakt treten (z.B. beim Kauf, beim Ausf\u00fcllen eines Formulars oder beim Besuch der Website), erheben wir pers\u00f6nliche Daten \u00fcber Sie. Bei den Daten, die wir sammeln, handelt es sich um Name, Sozialversicherungsnummer, Adresse, E-Mail-Adresse und Telefonnummer, Kauf-, Bestell- und Nutzungshistorie, IP-Adresse und Informationen, die Sie unserem Kundendienst zur Verf\u00fcgung stellen.<\/p><p>Wir holen Ihre Adresse aus dem Einwohnermelderegister ein oder Sie k\u00f6nnen sie selbst auf unserer Website eingeben.<\/p><h2>Warum wir Ihre pers\u00f6nlichen Daten verarbeiten<\/h2><p>Wir verarbeiten Ihre personenbezogenen Daten f\u00fcr die folgenden Zwecke und auf den folgenden Rechtsgrundlagen:<\/p><h2>Kaufen<\/h2><p>Wir verarbeiten personenbezogene Daten, um Bestellungen zu bearbeiten und um Benachrichtigungen \u00fcber den Lieferstatus zu versenden.<\/p><p>Die Verarbeitung ist notwendig, damit wir unseren Vertrag mit Ihnen erf\u00fcllen k\u00f6nnen.<\/p><h2>Anfragen an den Kundendienst<\/h2><p>Wir verarbeiten personenbezogene Daten, um Kundendienstangelegenheiten wie Anfragen, Beschwerden und Garantiefragen zu bearbeiten.<\/p><p>Die Verarbeitung erfolgt, um Ihnen bei Ihren Kundendienstangelegenheiten behilflich zu sein, was unser berechtigtes Interesse ist, und um gesetzliche Verpflichtungen im Falle von Reklamationen und Garantieangelegenheiten zu erf\u00fcllen.<\/p><h2>Marketing und Werbung<\/h2><p>Wir verarbeiten personenbezogene Daten, um Ihnen Angebote und Marketing per E-Mail, Post und SMS zu senden. Au\u00dferdem empfehlen wir Ihnen Produkte auf der Website und senden Ihnen personalisierte Angebote und Erinnerungen an Produkte, die sich noch in Ihrem Einkaufskorb befinden. Diese Verarbeitung kann ein Profiling beinhalten.<\/p><p>Die Verarbeitung erfolgt mit Ihrer Zustimmung f\u00fcr Direktmarketingzwecke oder f\u00fcr unser berechtigtes Interesse, Direktmarketing zu versenden.<\/p><h2>Wettbewerbe<\/h2><p>Wir verarbeiten personenbezogene Daten, um die Teilnahme an von uns veranstalteten Gewinnspielen zu erm\u00f6glichen.<\/p><p>Die Verarbeitung erfolgt aus unserem berechtigten Interesse an der Verwaltung von Gewinnspielen, an denen Personen teilnehmen.<\/p><h2>Verbesserung und Entwicklung<\/h2><p>Wir verarbeiten personenbezogene Daten, um unsere Dienstleistungen, Produkte und technischen Systeme zu verbessern und weiterzuentwickeln.<\/p><p>Die Verarbeitung erfolgt aus unserem berechtigten Interesse, Dienstleistungen, Produkte und technische Systeme aktualisieren, verbessern und weiterentwickeln zu k\u00f6nnen.<\/p><h2>Erf\u00fcllung der gesetzlichen Verpflichtungen<\/h2><p>Wir verarbeiten personenbezogene Daten, um geltende Gesetze einzuhalten, wie z.B. Buchhaltungs-, Steuer- oder Produktsicherheitsgesetze.<\/p><p>Die Verarbeitung erfolgt zur Erf\u00fcllung einer gesetzlichen Verpflichtung.<\/p><h2>Pr\u00e4vention von Missbrauch und Straftaten<\/h2><p>Wir verarbeiten personenbezogene Daten, um den Missbrauch unserer Dienste zu verhindern und um Straftaten wie Betrug vorzubeugen.<\/p><p>Die Verarbeitung erfolgt aus unserem berechtigten Interesse, Missbrauch und unbefugte Nutzung unserer Dienste zu verhindern und abzuschrecken.<\/p><h2>Diejenigen, an die die pers\u00f6nlichen Daten weitergegeben werden<\/h2><p>Wir k\u00f6nnen personenbezogene Daten an andere weitergeben, aber nur, wenn dies gesetzlich erlaubt ist. Bei denjenigen, mit denen personenbezogene Daten geteilt werden, kann es sich beispielsweise um Beh\u00f6rden, Logistikunternehmen, Marketingunternehmen, Lieferanten oder Konzernunternehmen handeln. Wir haben Datenverarbeitungsvertr\u00e4ge mit Lieferanten abgeschlossen, die personenbezogene Daten in unserem Auftrag verarbeiten.<\/p><p>Wir werden Ihre pers\u00f6nlichen Daten aus folgendem Grund weitergeben. Um Ihre Zahlung abwickeln zu k\u00f6nnen, geben wir Ihre Daten an Klarna weiter. Die Allgemeinen Gesch\u00e4ftsbedingungen von Klarna finden Sie hier <a href=\"https:\/\/www.klarna.com\/se\/villkor\/\" target=\"_blank\" rel=\"noreferrer noopener\">hier<\/a><\/p><p>Damit wir Ihre Bestellung ausliefern k\u00f6nnen, geben wir Ihre Daten an Versandunternehmen und Dienstleister weiter, die Ihren Versand abwickeln. Dies sind DHL und Shipmondo.<\/p><p>Wir k\u00f6nnen Ihre pers\u00f6nlichen Daten an andere als die oben genannten Parteien weitergeben, wenn dies f\u00fcr unser Gesch\u00e4ft und zur Erf\u00fcllung unserer gesetzlichen Verpflichtungen erforderlich ist.<\/p><p>Wir k\u00f6nnen die Daten auch an andere Unternehmen innerhalb der Gruppe weitergeben, wenn dies f\u00fcr die Erf\u00fcllung unseres Vertrags mit Ihnen als Kunden erforderlich ist.<\/p><h2>\u00dcbermittlung personenbezogener Daten au\u00dferhalb der EU\/EWR<\/h2><p>Wenn einer der Lieferanten oder Partner von Aldoriababy.com au\u00dferhalb der EU\/EWR ans\u00e4ssig ist, kann Aldoriababy.com Ihre personenbezogenen Daten dorthin \u00fcbertragen. Wenn personenbezogene Daten in ein Land au\u00dferhalb der EU\/EWR \u00fcbertragen werden, wird Aldoriababy.com die notwendigen Schritte unternehmen, um personenbezogene Daten auf legale Weise in L\u00e4nder au\u00dferhalb der EU\/EWR zu \u00fcbertragen. Liegt keine Genehmigung f\u00fcr den Verkauf Ihrer pers\u00f6nlichen Daten an Dritte vor, wird dies nicht geschehen.<\/p><p>Wir nutzen derzeit die folgenden Dienstleister au\u00dferhalb der EU\/EWR:<\/p><table><tbody><tr><td>Unternehmen<\/td><td>Kategorie Dienstleistung<\/td><td>Land<\/td><\/tr><tr><td>Meta Inc.<\/td><td>Werbedienstleistungen<\/td><td>USA<\/td><\/tr><tr><td>Google Inc.<\/td><td>Werbedienstleistungen<\/td><td>USA<\/td><\/tr><tr><td>Microsoft<\/td><td>Cloud-Dienste<\/td><td>USA<\/td><\/tr><\/tbody><\/table><h2>Soziale Medien<\/h2><p>In Bezug auf die personenbezogenen Daten, die in sozialen Medien wie Facebook, Instagram und Youtube anfallen und verarbeitet werden, verweisen wir die Nutzer auf die Richtlinien des jeweiligen Dienstes, um zu erfahren, wie dieser personenbezogene Daten verarbeitet.<\/p><p>Der Zweck der Verarbeitung besteht darin, bestehenden Kunden, potenziellen Kunden und Partnern von Aldoriababy.com die M\u00f6glichkeit zu geben, mit Aldoriababy.com \u00fcber soziale Medien zu interagieren und in Kontakt zu treten. Dies soll zu einer guten Beziehung zu Kunden und Partnern beitragen und den Kundenservice und die Produkte von Aldoriababy.com \u00fcber verschiedene Kan\u00e4le leicht zug\u00e4nglich machen. Die Verarbeitung ist f\u00fcr das berechtigte Interesse von Aldoriababy.com an der Vermarktung seiner Marke und Produkte an bestehende und potenzielle Kunden und Partner erforderlich.<\/p><h2>Wie lange pers\u00f6nliche Daten gespeichert werden<\/h2><p>Wir bewahren personenbezogene Daten so lange auf, wie sie f\u00fcr die Zwecke, f\u00fcr die sie erhoben wurden, ben\u00f6tigt werden oder wie es das Gesetz oder die Verordnung vorschreiben.<\/p><p>Die Kauf- und Bestellhistorie wird so lange aufbewahrt, wie wir dazu verpflichtet sind, um die gesetzlichen Vorschriften zu erf\u00fcllen.<\/p><p>Kundendienstdaten, die sich auf K\u00e4ufe und Beschwerden beziehen, werden so lange aufbewahrt, wie wir dazu verpflichtet sind, um die gesetzlichen Anforderungen zu erf\u00fcllen. Kommunikationen mit unserem Service Desk, die wir nicht speichern m\u00fcssen, um den gesetzlichen Anforderungen zu entsprechen, werden nach sechs Monaten gel\u00f6scht.<\/p><p>Marketingdaten werden aufbewahrt, bis Sie darum bitten, kein Marketingmaterial mehr zu erhalten, oder nachdem Sie drei Jahre lang inaktiv waren.<\/p><p>Daten zur Verhinderung von Missbrauch und Verbrechen werden so lange aufbewahrt, wie wir sie ben\u00f6tigen, um Verbrechen zu verhindern oder zu melden (z.B. Betrug).<\/p><h2>Ihre Rechte<\/h2><p>Wir werden Ihre Anfrage bez\u00fcglich Ihrer Rechte so schnell wie m\u00f6glich, sp\u00e4testens jedoch innerhalb eines Monats beantworten.<\/p><p>Sofern dies nach geltendem Recht zul\u00e4ssig ist, k\u00f6nnen wir f\u00fcr die Erf\u00fcllung einer Anfrage eine Verwaltungsgeb\u00fchr erheben, wie unten beschrieben.<\/p><h2>Zugang zu<\/h2><p>Sie haben das Recht, Informationen dar\u00fcber zu erhalten, wie wir Ihre pers\u00f6nlichen Daten verarbeiten, sowie eine Kopie der pers\u00f6nlichen Daten.<\/p><h2>Berichtigung<\/h2><p>Sie k\u00f6nnen beantragen, dass falsche oder unvollst\u00e4ndige Daten korrigiert werden.<\/p><h2>Sie haben die Kontrolle \u00fcber Ihre pers\u00f6nlichen Daten<\/h2><p>Sie haben das Recht, auf Ihre bei Organic Trade Sweden AB gespeicherten pers\u00f6nlichen Daten zuzugreifen und deren L\u00f6schung zu verlangen. Um auf diese Informationen zuzugreifen oder Ihre Daten zu l\u00f6schen, muss Ihr Antrag schriftlich erfolgen, Ihre Sozialversicherungsnummer enthalten und von Ihnen unterzeichnet sein. Senden Sie Ihren Antrag an Organic Trade Sweden AB, \u201dDataskydd\u201d, Kanslihusv\u00e4gen 3, 281 35 H\u00e4ssleholm. Die Daten oder die Best\u00e4tigung der L\u00f6schung werden unverz\u00fcglich an Ihre registrierte Adresse gesendet.<\/p><p>Sie k\u00f6nnen jederzeit den Link zum Abbestellen verwenden, der in allen Werbeaktionen, Angeboten und Newslettern enthalten ist, die wir Ihnen zusenden.<\/p><p>Wenn Ihre Daten unvollst\u00e4ndig, unrichtig oder irrelevant sind, haben Sie das Recht, deren Berichtigung oder L\u00f6schung zu verlangen. Sie haben auch das Recht, Schadensersatz zu verlangen, wenn die Verarbeitung Ihrer personenbezogenen Daten nicht gesetzeskonform erfolgt ist.<\/p><p>Zu den Dingen, die nicht gel\u00f6scht werden k\u00f6nnen, geh\u00f6ren Daten, die nach dem Rechnungslegungsgesetz erforderlich sind, und Daten, die wir ben\u00f6tigen, um unseren Verpflichtungen nachzukommen, z.B. im Falle von Beschwerden.<\/p><p>Es ist uns wichtig, dass Sie sich sicher f\u00fchlen. Ihre Privatsph\u00e4re liegt uns am Herzen und wir sind stets bem\u00fcht, Ihre pers\u00f6nlichen Daten mit dem gr\u00f6\u00dftm\u00f6glichen Respekt zu behandeln. Sollten Sie jedoch das Gef\u00fchl haben, dass wir Ihre pers\u00f6nlichen Daten nicht korrekt verarbeiten, k\u00f6nnen Sie sich gerne an uns wenden. Sie haben auch die M\u00f6glichkeit, eine Beschwerde bei der schwedischen Datenschutzbeh\u00f6rde einzureichen, die f\u00fcr die \u00dcberwachung der Verarbeitung personenbezogener Daten zust\u00e4ndig ist.<\/p><h2>Ihr Recht auf Widerspruch<\/h2><p>Sie haben das Recht, unserer Verarbeitung zu widersprechen (z. B. der Verarbeitung auf der Grundlage unserer berechtigten Interessen). Ihre personenbezogenen Daten d\u00fcrfen nicht f\u00fcr Direktmarketingzwecke verarbeitet werden, wenn Sie einer solchen Verarbeitung widersprechen. Wenn Sie unserem Direktmarketing widersprechen, werden wir alle Formen von Mailings an Sie einstellen. Wenn Sie weiterhin Mailings \u00fcber bestimmte Kan\u00e4le erhalten m\u00f6chten, m\u00fcssen Sie nicht allen Arten von Marketing widersprechen. In diesen F\u00e4llen k\u00f6nnen Sie sich daf\u00fcr entscheiden, Angebote von uns nur \u00fcber die von Ihnen gew\u00e4hlten Kan\u00e4le zu erhalten, z.B. per E-Mail, aber nicht per SMS.<\/p><h2>\u00dcbertragbarkeit von Daten<\/h2><p>Sie haben das Recht, die personenbezogenen Daten, die Sie uns zur Verf\u00fcgung gestellt haben und die wir aufgrund eines Vertrages mit Ihnen oder aufgrund Ihrer Einwilligung automatisiert verarbeiten, in einem strukturierten, allgemein gebr\u00e4uchlichen und maschinenlesbaren Format zu erhalten.<\/p><h2>Reklamationen<\/h2><p>Wenn Sie mit der Art und Weise, wie wir Ihre personenbezogenen Daten verarbeiten, unzufrieden sind, k\u00f6nnen Sie sich an uns wenden oder eine Beschwerde bei einer Aufsichtsbeh\u00f6rde einreichen.<\/p><h2>Cookies<\/h2><p>Wir verwenden auf dieser Website sogenannte Cookies. Sie k\u00f6nnen die Cookies f\u00fcr diese Website einsehen und kontrollieren, indem Sie auf das Cookie-Symbol unten links auf der Startseite klicken.<\/p><h2>\u00c4nderungen an der Datenschutzrichtlinie<\/h2><p>Wir behalten uns das Recht vor, unsere Datenschutzrichtlinien zu \u00e4ndern, wenn dies notwendig ist oder wenn \u00c4nderungen auf technologische Ver\u00e4nderungen in unserem Unternehmen zur\u00fcckzuf\u00fchren sind. Bitte vergewissern Sie sich daher, dass Sie die neueste Version der Datenschutzrichtlinie haben.<\/p><h2>Kontaktangaben<\/h2><p>Bio-Handel Schweden AB<br \/>Org. Nr. 559326-5399<br \/>Kanslihusv\u00e4gen 3, 281 35 H\u00e4ssleholm<br \/>info@aldoriababy.com<\/p>\t\t\t\t\t\t\t\t<\/div>\n\t\t\t\t<\/div>\n\t\t\t\t\t<\/div>\n\t\t\t\t<\/div>\n\t\t\t\t<\/div>","protected":false},"excerpt":{"rendered":"<p>Integritetspolicy V\u00e5r webbplatsadress \u00e4r: www.aldoriababy.com som \u00e4gs av Organic Trade Sweden AB, org. Nr. 559326-5399, vidare kallat Aldoriababy.com. Vi p\u00e5 Aldoriababy.com vill att du alltid ska k\u00e4nna dig trygg med att de personuppgifter som du l\u00e4mnar till oss behandlas p\u00e5 ett korrekt, ansvarsfullt och s\u00e4kert s\u00e4tt. Vi vill dessutom att du alltid k\u00e4nner dig s\u00e4ker [&hellip;]<\/p>\n","protected":false},"author":3,"featured_media":0,"parent":0,"menu_order":0,"comment_status":"closed","ping_status":"closed","template":"","meta":{"footnotes":""},"class_list":["post-1400","page","type-page","status-publish","hentry"],"yoast_head":"<!-- This site is optimized with the Yoast SEO plugin v27.4 - https:\/\/yoast.com\/product\/yoast-seo-wordpress\/ -->\n<title>Aldoria - ekologiska b\u00e4rsjalar - Aldoria Baby<\/title>\n<meta name=\"robots\" content=\"index, follow, max-snippet:-1, max-image-preview:large, max-video-preview:-1\" \/>\n<link rel=\"canonical\" href=\"https:\/\/www.aldoriababy.com\/de\/datenschutzbestimmungen\/\" \/>\n<meta property=\"og:locale\" content=\"de_DE\" \/>\n<meta property=\"og:type\" content=\"article\" \/>\n<meta property=\"og:title\" content=\"Aldoria - ekologiska b\u00e4rsjalar - Aldoria Baby\" \/>\n<meta property=\"og:description\" content=\"Integritetspolicy V\u00e5r webbplatsadress \u00e4r: www.aldoriababy.com som \u00e4gs av Organic Trade Sweden AB, org. Nr. 559326-5399, vidare kallat Aldoriababy.com. Vi p\u00e5 Aldoriababy.com vill att du alltid ska k\u00e4nna dig trygg med att de personuppgifter som du l\u00e4mnar till oss behandlas p\u00e5 ett korrekt, ansvarsfullt och s\u00e4kert s\u00e4tt. Vi vill dessutom att du alltid k\u00e4nner dig s\u00e4ker [&hellip;]\" \/>\n<meta property=\"og:url\" content=\"https:\/\/www.aldoriababy.com\/de\/datenschutzbestimmungen\/\" \/>\n<meta property=\"og:site_name\" content=\"Aldoria - ekologiska b\u00e4rsjalar\" \/>\n<meta property=\"article:modified_time\" content=\"2026-04-13T12:35:30+00:00\" \/>\n<meta name=\"twitter:card\" content=\"summary_large_image\" \/>\n<meta name=\"twitter:label1\" content=\"Gesch\u00e4tzte Lesezeit\" \/>\n\t<meta name=\"twitter:data1\" content=\"8\u00a0Minuten\" \/>\n<script type=\"application\/ld+json\" class=\"yoast-schema-graph\">{\"@context\":\"https:\\\/\\\/schema.org\",\"@graph\":[{\"@type\":\"WebPage\",\"@id\":\"https:\\\/\\\/www.aldoriababy.com\\\/integritetspolicy\\\/\",\"url\":\"https:\\\/\\\/www.aldoriababy.com\\\/integritetspolicy\\\/\",\"name\":\"Aldoria - ekologiska b\u00e4rsjalar - Aldoria Baby\",\"isPartOf\":{\"@id\":\"https:\\\/\\\/www.aldoriababy.com\\\/#website\"},\"datePublished\":\"2025-08-27T09:07:15+00:00\",\"dateModified\":\"2026-04-13T12:35:30+00:00\",\"breadcrumb\":{\"@id\":\"https:\\\/\\\/www.aldoriababy.com\\\/integritetspolicy\\\/#breadcrumb\"},\"inLanguage\":\"de\",\"potentialAction\":[{\"@type\":\"ReadAction\",\"target\":[\"https:\\\/\\\/www.aldoriababy.com\\\/integritetspolicy\\\/\"]}]},{\"@type\":\"BreadcrumbList\",\"@id\":\"https:\\\/\\\/www.aldoriababy.com\\\/integritetspolicy\\\/#breadcrumb\",\"itemListElement\":[{\"@type\":\"ListItem\",\"position\":1,\"name\":\"Hem\",\"item\":\"https:\\\/\\\/www.aldoriababy.com\\\/\"},{\"@type\":\"ListItem\",\"position\":2,\"name\":\"Integritetspolicy\"}]},{\"@type\":\"WebSite\",\"@id\":\"https:\\\/\\\/www.aldoriababy.com\\\/#website\",\"url\":\"https:\\\/\\\/www.aldoriababy.com\\\/\",\"name\":\"Aldoria - ekologiska b\u00e4rsjalar\",\"description\":\"Aldoria - ekologiska b\u00e4rsjalar\",\"publisher\":{\"@id\":\"https:\\\/\\\/www.aldoriababy.com\\\/#organization\"},\"potentialAction\":[{\"@type\":\"SearchAction\",\"target\":{\"@type\":\"EntryPoint\",\"urlTemplate\":\"https:\\\/\\\/www.aldoriababy.com\\\/?s={search_term_string}\"},\"query-input\":{\"@type\":\"PropertyValueSpecification\",\"valueRequired\":true,\"valueName\":\"search_term_string\"}}],\"inLanguage\":\"de\"},{\"@type\":\"Organization\",\"@id\":\"https:\\\/\\\/www.aldoriababy.com\\\/#organization\",\"name\":\"Aldoria Baby\",\"url\":\"https:\\\/\\\/www.aldoriababy.com\\\/\",\"logo\":{\"@type\":\"ImageObject\",\"inLanguage\":\"de\",\"@id\":\"https:\\\/\\\/www.aldoriababy.com\\\/#\\\/schema\\\/logo\\\/image\\\/\",\"url\":\"https:\\\/\\\/www.aldoriababy.com\\\/wp-content\\\/uploads\\\/2021\\\/03\\\/aldoria-331x200-1.jpg\",\"contentUrl\":\"https:\\\/\\\/www.aldoriababy.com\\\/wp-content\\\/uploads\\\/2021\\\/03\\\/aldoria-331x200-1.jpg\",\"width\":331,\"height\":200,\"caption\":\"Aldoria Baby\"},\"image\":{\"@id\":\"https:\\\/\\\/www.aldoriababy.com\\\/#\\\/schema\\\/logo\\\/image\\\/\"}}]}<\/script>\n<!-- \/ Yoast SEO plugin. -->","yoast_head_json":{"title":"Aldoria - Bio-Babytraget\u00fccher - Aldoria Baby","robots":{"index":"index","follow":"follow","max-snippet":"max-snippet:-1","max-image-preview":"max-image-preview:large","max-video-preview":"max-video-preview:-1"},"canonical":"https:\/\/www.aldoriababy.com\/de\/datenschutzbestimmungen\/","og_locale":"de_DE","og_type":"article","og_title":"Aldoria - ekologiska b\u00e4rsjalar - Aldoria Baby","og_description":"Integritetspolicy V\u00e5r webbplatsadress \u00e4r: www.aldoriababy.com som \u00e4gs av Organic Trade Sweden AB, org. Nr. 559326-5399, vidare kallat Aldoriababy.com. Vi p\u00e5 Aldoriababy.com vill att du alltid ska k\u00e4nna dig trygg med att de personuppgifter som du l\u00e4mnar till oss behandlas p\u00e5 ett korrekt, ansvarsfullt och s\u00e4kert s\u00e4tt. Vi vill dessutom att du alltid k\u00e4nner dig s\u00e4ker [&hellip;]","og_url":"https:\/\/www.aldoriababy.com\/de\/datenschutzbestimmungen\/","og_site_name":"Aldoria - ekologiska b\u00e4rsjalar","article_modified_time":"2026-04-13T12:35:30+00:00","twitter_card":"summary_large_image","twitter_misc":{"Gesch\u00e4tzte Lesezeit":"8\u00a0Minuten"},"schema":{"@context":"https:\/\/schema.org","@graph":[{"@type":"WebPage","@id":"https:\/\/www.aldoriababy.com\/integritetspolicy\/","url":"https:\/\/www.aldoriababy.com\/integritetspolicy\/","name":"Aldoria - Bio-Babytraget\u00fccher - Aldoria Baby","isPartOf":{"@id":"https:\/\/www.aldoriababy.com\/#website"},"datePublished":"2025-08-27T09:07:15+00:00","dateModified":"2026-04-13T12:35:30+00:00","breadcrumb":{"@id":"https:\/\/www.aldoriababy.com\/integritetspolicy\/#breadcrumb"},"inLanguage":"de","potentialAction":[{"@type":"ReadAction","target":["https:\/\/www.aldoriababy.com\/integritetspolicy\/"]}]},{"@type":"BreadcrumbList","@id":"https:\/\/www.aldoriababy.com\/integritetspolicy\/#breadcrumb","itemListElement":[{"@type":"ListItem","position":1,"name":"Hem","item":"https:\/\/www.aldoriababy.com\/"},{"@type":"ListItem","position":2,"name":"Integritetspolicy"}]},{"@type":"WebSite","@id":"https:\/\/www.aldoriababy.com\/#website","url":"https:\/\/www.aldoriababy.com\/","name":"Aldoria - Bio-Babytraget\u00fccher","description":"Aldoria - Bio-Babytraget\u00fccher","publisher":{"@id":"https:\/\/www.aldoriababy.com\/#organization"},"potentialAction":[{"@type":"SearchAction","target":{"@type":"EntryPoint","urlTemplate":"https:\/\/www.aldoriababy.com\/?s={search_term_string}"},"query-input":{"@type":"PropertyValueSpecification","valueRequired":true,"valueName":"search_term_string"}}],"inLanguage":"de"},{"@type":"Organization","@id":"https:\/\/www.aldoriababy.com\/#organization","name":"Aldoria Baby","url":"https:\/\/www.aldoriababy.com\/","logo":{"@type":"ImageObject","inLanguage":"de","@id":"https:\/\/www.aldoriababy.com\/#\/schema\/logo\/image\/","url":"https:\/\/www.aldoriababy.com\/wp-content\/uploads\/2021\/03\/aldoria-331x200-1.jpg","contentUrl":"https:\/\/www.aldoriababy.com\/wp-content\/uploads\/2021\/03\/aldoria-331x200-1.jpg","width":331,"height":200,"caption":"Aldoria Baby"},"image":{"@id":"https:\/\/www.aldoriababy.com\/#\/schema\/logo\/image\/"}}]}},"_links":{"self":[{"href":"https:\/\/www.aldoriababy.com\/de\/wp-json\/wp\/v2\/pages\/1400","targetHints":{"allow":["GET"]}}],"collection":[{"href":"https:\/\/www.aldoriababy.com\/de\/wp-json\/wp\/v2\/pages"}],"about":[{"href":"https:\/\/www.aldoriababy.com\/de\/wp-json\/wp\/v2\/types\/page"}],"author":[{"embeddable":true,"href":"https:\/\/www.aldoriababy.com\/de\/wp-json\/wp\/v2\/users\/3"}],"replies":[{"embeddable":true,"href":"https:\/\/www.aldoriababy.com\/de\/wp-json\/wp\/v2\/comments?post=1400"}],"version-history":[{"count":17,"href":"https:\/\/www.aldoriababy.com\/de\/wp-json\/wp\/v2\/pages\/1400\/revisions"}],"predecessor-version":[{"id":1950,"href":"https:\/\/www.aldoriababy.com\/de\/wp-json\/wp\/v2\/pages\/1400\/revisions\/1950"}],"wp:attachment":[{"href":"https:\/\/www.aldoriababy.com\/de\/wp-json\/wp\/v2\/media?parent=1400"}],"curies":[{"name":"wp","href":"https:\/\/api.w.org\/{rel}","templated":true}]}}