{"id":1256,"date":"2025-04-03T10:36:18","date_gmt":"2025-04-03T08:36:18","guid":{"rendered":"https:\/\/www.aldoriababy.com\/?post_type=product&#038;p=1256"},"modified":"2026-04-13T11:10:39","modified_gmt":"2026-04-13T09:10:39","slug":"oria-bambu-soft-taupe","status":"publish","type":"product","link":"https:\/\/www.aldoriababy.com\/de\/produkt\/aldoria-bambu-soft-taupe\/","title":{"rendered":"Aldoria Bambu Soft Taupe"},"content":{"rendered":"<p data-start=\"161\" data-end=\"234\"><strong data-start=\"161\" data-end=\"234\">Aldoria Bambu Soft - seidiges Babytragetuch f\u00fcr sicheres und nahes Tragen<\/strong><\/p>\n<p data-start=\"236\" data-end=\"603\">Das Aldoria Bambu Soft ist ein weiches und anschmiegsames Tragetuch aus exklusivem Bambus-Jersey, das sowohl Ihnen als auch Ihrem Baby ein komfortables und sicheres Trageerlebnis bietet. Durch die seidige Haptik f\u00fchlt sich das Tuch besonders angenehm auf der zarten Haut Ihres Babys an, w\u00e4hrend es gleichzeitig eine sichere Umarmung schafft, die an die Zeit im Mutterleib erinnert. Perfekt f\u00fcr Neugeborene von 0-6 Monaten, kann aber auch bis zu einem Alter von etwa 1 Jahr verwendet werden. Au\u00dferdem ist das Aldoria Bambu Soft in eine Richtung dehnbar, d.h. das Tuch dehnt sich in der Breite, aber nicht in der L\u00e4nge.<\/p>\n<p data-start=\"605\" data-end=\"903\">Das Tragen Ihres Babys in einem Tragetuch f\u00f6rdert N\u00e4he, Sicherheit und Bindung. Der Aldoria Bambu Soft bringt Ihr Baby nah an Ihren K\u00f6rper, es sp\u00fcrt Ihre W\u00e4rme, h\u00f6rt Ihren Herzschlag und bekommt ein beruhigendes Gef\u00fchl von Bewegung - was oft zu weniger Weinen und besserem Schlaf beitr\u00e4gt. Gleichzeitig haben Sie im Alltag die H\u00e4nde frei.<\/p>\n<p data-start=\"905\" data-end=\"1286\">Bambus ist ein nat\u00fcrliches Material mit einzigartigen Eigenschaften, die es besonders f\u00fcr Babyprodukte geeignet machen. Die Faser ist von Natur aus antibakteriell, atmungsaktiv und hat temperaturregulierende Eigenschaften.  Das Tuch w\u00e4rmt, wenn es k\u00fchl ist, und k\u00fchlt, wenn es hei\u00df ist, so dass es das ganze Jahr \u00fcber ideal ist. Das macht den Schal besonders in den w\u00e4rmeren Tagen des Sommers zu einem beliebten Begleiter. Dann f\u00fchlt es sich weder einschn\u00fcrend an noch wird es zu hei\u00df.<\/p>\n<h4 data-start=\"905\" data-end=\"1286\">Tragen Sie Ihr Kind sicher in der Babyschale:<\/h4>\n<p data-start=\"1288\" data-end=\"1614\">Das Tragetuch ist einfach zu binden und eine klare Anleitung f\u00fcr verschiedene Bindetechniken ist in der Packung enthalten, so dass es von Anf\u00e4ngern und erfahrenen Tr\u00e4gern gleicherma\u00dfen gesch\u00e4tzt wird. Lesen Sie unbedingt den Sicherheitskreis f\u00fcr sicheres Tragen, wie z.B. die Sicherstellung der Atemwege. Mit einem Gewicht von nur 560 Gramm l\u00e4sst sich das Aldoria Bambu Soft leicht zusammenfalten und in Ihrer Wickeltasche transportieren - bereit f\u00fcr den t\u00e4glichen Gebrauch und Ausfl\u00fcge.<\/p>\n<h4 data-start=\"1616\" data-end=\"1660\"><strong data-start=\"1616\" data-end=\"1660\">Vorteile des Aldoria Bambu Soft Hebegurts:<\/strong><\/h4>\n<ul data-start=\"1661\" data-end=\"1922\">\n<li data-start=\"1661\" data-end=\"1712\">\n<p data-start=\"1663\" data-end=\"1712\">Seidig weicher Bambus-Jersey - sanft zu Babys Haut<\/p>\n<\/li>\n<li data-start=\"1713\" data-end=\"1756\">\n<p data-start=\"1715\" data-end=\"1756\">F\u00f6rdert N\u00e4he, Sicherheit und Bindung<\/p>\n<\/li>\n<li data-start=\"1757\" data-end=\"1809\">\n<p data-start=\"1759\" data-end=\"1809\">Temperaturregulierendes und antibakterielles Material<\/p>\n<\/li>\n<li data-start=\"1810\" data-end=\"1854\">\n<p data-start=\"1812\" data-end=\"1854\">Einfach zu binden, mit beiliegender Anleitung<\/p>\n<\/li>\n<li data-start=\"1855\" data-end=\"1891\">\n<p data-start=\"1857\" data-end=\"1891\">Ideal f\u00fcr Neugeborene und Kleinkinder<\/p>\n<\/li>\n<li data-start=\"1892\" data-end=\"1922\">\n<p data-start=\"1894\" data-end=\"1922\">Flexibel und leicht zu tragen<\/p>\n<\/li>\n<\/ul>","protected":false},"excerpt":{"rendered":"<p><span class=\"s1\">Aldoria Bambu Soft ist eine Babytrage aus seidenweichem Bambusjersey, die besonders f\u00fcr 0-6 Monate geeignet ist, aber auch bis zum Alter des Kindes von etwa 1 Jahr verwendet werden kann.<\/span><\/p>","protected":false},"featured_media":1258,"comment_status":"open","ping_status":"closed","template":"","meta":[],"product_brand":[],"product_cat":[42],"product_tag":[],"class_list":{"0":"post-1256","1":"product","2":"type-product","3":"status-publish","4":"has-post-thumbnail","6":"product_cat-barsjalar","8":"first","9":"instock","10":"taxable","11":"shipping-taxable","12":"purchasable","13":"product-type-simple"},"yoast_head":"<!-- This site is optimized with the Yoast SEO plugin v27.4 - https:\/\/yoast.com\/product\/yoast-seo-wordpress\/ -->\n<title>Best\u00e4ll Aldoria Bambu Soft - B\u00e4rsjal fr\u00e5n Aldoria Baby<\/title>\n<meta name=\"description\" content=\"Aldoria Bambu Soft \u00e4r en b\u00e4rsjal i silkesmjuk bambutrik\u00e5, s\u00e4rskilt l\u00e4mplig f\u00f6r 0-6 m\u00e5nader men kan anv\u00e4ndas tills barnet blir ca 1 \u00e5r.\" \/>\n<meta name=\"robots\" content=\"index, follow, max-snippet:-1, max-image-preview:large, max-video-preview:-1\" \/>\n<link rel=\"canonical\" href=\"https:\/\/www.aldoriababy.com\/de\/produkt\/oria-bambu-soft-taupe\/\" \/>\n<meta property=\"og:locale\" content=\"de_DE\" \/>\n<meta property=\"og:type\" content=\"article\" \/>\n<meta property=\"og:title\" content=\"Best\u00e4ll Aldoria Bambu Soft - B\u00e4rsjal fr\u00e5n Aldoria Baby\" \/>\n<meta property=\"og:description\" content=\"Aldoria Bambu Soft \u00e4r en b\u00e4rsjal i silkesmjuk bambutrik\u00e5, s\u00e4rskilt l\u00e4mplig f\u00f6r 0-6 m\u00e5nader men kan anv\u00e4ndas tills barnet blir ca 1 \u00e5r.\" \/>\n<meta property=\"og:url\" content=\"https:\/\/www.aldoriababy.com\/de\/produkt\/oria-bambu-soft-taupe\/\" \/>\n<meta property=\"og:site_name\" content=\"Aldoria - ekologiska b\u00e4rsjalar\" \/>\n<meta property=\"article:modified_time\" content=\"2026-04-13T09:10:39+00:00\" \/>\n<meta property=\"og:image\" content=\"https:\/\/www.aldoriababy.com\/wp-content\/uploads\/2025\/04\/Taupe_frilagd.png\" \/>\n\t<meta property=\"og:image:width\" content=\"1566\" \/>\n\t<meta property=\"og:image:height\" content=\"2232\" \/>\n\t<meta property=\"og:image:type\" content=\"image\/png\" \/>\n<meta name=\"twitter:card\" content=\"summary_large_image\" \/>\n<meta name=\"twitter:label1\" content=\"Gesch\u00e4tzte Lesezeit\" \/>\n\t<meta name=\"twitter:data1\" content=\"2\u00a0Minuten\" \/>\n<script type=\"application\/ld+json\" class=\"yoast-schema-graph\">{\"@context\":\"https:\\\/\\\/schema.org\",\"@graph\":[{\"@type\":\"WebPage\",\"@id\":\"https:\\\/\\\/www.aldoriababy.com\\\/produkt\\\/aldoria-bambu-soft-taupe\\\/\",\"url\":\"https:\\\/\\\/www.aldoriababy.com\\\/produkt\\\/aldoria-bambu-soft-taupe\\\/\",\"name\":\"Best\u00e4ll Aldoria Bambu Soft - B\u00e4rsjal fr\u00e5n Aldoria Baby\",\"isPartOf\":{\"@id\":\"https:\\\/\\\/www.aldoriababy.com\\\/#website\"},\"primaryImageOfPage\":{\"@id\":\"https:\\\/\\\/www.aldoriababy.com\\\/produkt\\\/aldoria-bambu-soft-taupe\\\/#primaryimage\"},\"image\":{\"@id\":\"https:\\\/\\\/www.aldoriababy.com\\\/produkt\\\/aldoria-bambu-soft-taupe\\\/#primaryimage\"},\"thumbnailUrl\":\"https:\\\/\\\/www.aldoriababy.com\\\/wp-content\\\/uploads\\\/2025\\\/04\\\/Taupe_frilagd.png\",\"datePublished\":\"2025-04-03T08:36:18+00:00\",\"dateModified\":\"2026-04-13T09:10:39+00:00\",\"description\":\"Aldoria Bambu Soft \u00e4r en b\u00e4rsjal i silkesmjuk bambutrik\u00e5, s\u00e4rskilt l\u00e4mplig f\u00f6r 0-6 m\u00e5nader men kan anv\u00e4ndas tills barnet blir ca 1 \u00e5r.\",\"breadcrumb\":{\"@id\":\"https:\\\/\\\/www.aldoriababy.com\\\/produkt\\\/aldoria-bambu-soft-taupe\\\/#breadcrumb\"},\"inLanguage\":\"de\",\"potentialAction\":[{\"@type\":\"ReadAction\",\"target\":[\"https:\\\/\\\/www.aldoriababy.com\\\/produkt\\\/aldoria-bambu-soft-taupe\\\/\"]}]},{\"@type\":\"ImageObject\",\"inLanguage\":\"de\",\"@id\":\"https:\\\/\\\/www.aldoriababy.com\\\/produkt\\\/aldoria-bambu-soft-taupe\\\/#primaryimage\",\"url\":\"https:\\\/\\\/www.aldoriababy.com\\\/wp-content\\\/uploads\\\/2025\\\/04\\\/Taupe_frilagd.png\",\"contentUrl\":\"https:\\\/\\\/www.aldoriababy.com\\\/wp-content\\\/uploads\\\/2025\\\/04\\\/Taupe_frilagd.png\",\"width\":1566,\"height\":2232},{\"@type\":\"BreadcrumbList\",\"@id\":\"https:\\\/\\\/www.aldoriababy.com\\\/produkt\\\/aldoria-bambu-soft-taupe\\\/#breadcrumb\",\"itemListElement\":[{\"@type\":\"ListItem\",\"position\":1,\"name\":\"Hem\",\"item\":\"https:\\\/\\\/www.aldoriababy.com\\\/\"},{\"@type\":\"ListItem\",\"position\":2,\"name\":\"Produkter\",\"item\":\"https:\\\/\\\/www.aldoriababy.com\\\/shop\\\/\"},{\"@type\":\"ListItem\",\"position\":3,\"name\":\"Aldoria Bambu Soft Taupe\"}]},{\"@type\":\"WebSite\",\"@id\":\"https:\\\/\\\/www.aldoriababy.com\\\/#website\",\"url\":\"https:\\\/\\\/www.aldoriababy.com\\\/\",\"name\":\"Aldoria - ekologiska b\u00e4rsjalar\",\"description\":\"Aldoria - ekologiska b\u00e4rsjalar\",\"publisher\":{\"@id\":\"https:\\\/\\\/www.aldoriababy.com\\\/#organization\"},\"potentialAction\":[{\"@type\":\"SearchAction\",\"target\":{\"@type\":\"EntryPoint\",\"urlTemplate\":\"https:\\\/\\\/www.aldoriababy.com\\\/?s={search_term_string}\"},\"query-input\":{\"@type\":\"PropertyValueSpecification\",\"valueRequired\":true,\"valueName\":\"search_term_string\"}}],\"inLanguage\":\"de\"},{\"@type\":\"Organization\",\"@id\":\"https:\\\/\\\/www.aldoriababy.com\\\/#organization\",\"name\":\"Aldoria Baby\",\"url\":\"https:\\\/\\\/www.aldoriababy.com\\\/\",\"logo\":{\"@type\":\"ImageObject\",\"inLanguage\":\"de\",\"@id\":\"https:\\\/\\\/www.aldoriababy.com\\\/#\\\/schema\\\/logo\\\/image\\\/\",\"url\":\"https:\\\/\\\/www.aldoriababy.com\\\/wp-content\\\/uploads\\\/2021\\\/03\\\/aldoria-331x200-1.jpg\",\"contentUrl\":\"https:\\\/\\\/www.aldoriababy.com\\\/wp-content\\\/uploads\\\/2021\\\/03\\\/aldoria-331x200-1.jpg\",\"width\":331,\"height\":200,\"caption\":\"Aldoria Baby\"},\"image\":{\"@id\":\"https:\\\/\\\/www.aldoriababy.com\\\/#\\\/schema\\\/logo\\\/image\\\/\"}}]}<\/script>\n<!-- \/ Yoast SEO plugin. -->","yoast_head_json":{"title":"Bestellen Sie Aldoria Bambu Soft - Babytragetuch von Aldoria Baby","description":"Aldoria Bambu Soft ist eine Babytrage aus seidenweichem Bambusjersey, die besonders f\u00fcr 0-6 Monate geeignet ist, aber auch bis zum Alter des Kindes von etwa 1 Jahr verwendet werden kann.","robots":{"index":"index","follow":"follow","max-snippet":"max-snippet:-1","max-image-preview":"max-image-preview:large","max-video-preview":"max-video-preview:-1"},"canonical":"https:\/\/www.aldoriababy.com\/de\/produkt\/oria-bambu-soft-taupe\/","og_locale":"de_DE","og_type":"article","og_title":"Best\u00e4ll Aldoria Bambu Soft - B\u00e4rsjal fr\u00e5n Aldoria Baby","og_description":"Aldoria Bambu Soft \u00e4r en b\u00e4rsjal i silkesmjuk bambutrik\u00e5, s\u00e4rskilt l\u00e4mplig f\u00f6r 0-6 m\u00e5nader men kan anv\u00e4ndas tills barnet blir ca 1 \u00e5r.","og_url":"https:\/\/www.aldoriababy.com\/de\/produkt\/oria-bambu-soft-taupe\/","og_site_name":"Aldoria - ekologiska b\u00e4rsjalar","article_modified_time":"2026-04-13T09:10:39+00:00","og_image":[{"width":1566,"height":2232,"url":"https:\/\/www.aldoriababy.com\/wp-content\/uploads\/2025\/04\/Taupe_frilagd.png","type":"image\/png"}],"twitter_card":"summary_large_image","twitter_misc":{"Gesch\u00e4tzte Lesezeit":"2\u00a0Minuten"},"schema":{"@context":"https:\/\/schema.org","@graph":[{"@type":"WebPage","@id":"https:\/\/www.aldoriababy.com\/produkt\/aldoria-bambu-soft-taupe\/","url":"https:\/\/www.aldoriababy.com\/produkt\/aldoria-bambu-soft-taupe\/","name":"Bestellen Sie Aldoria Bambu Soft - Babytragetuch von Aldoria Baby","isPartOf":{"@id":"https:\/\/www.aldoriababy.com\/#website"},"primaryImageOfPage":{"@id":"https:\/\/www.aldoriababy.com\/produkt\/aldoria-bambu-soft-taupe\/#primaryimage"},"image":{"@id":"https:\/\/www.aldoriababy.com\/produkt\/aldoria-bambu-soft-taupe\/#primaryimage"},"thumbnailUrl":"https:\/\/www.aldoriababy.com\/wp-content\/uploads\/2025\/04\/Taupe_frilagd.png","datePublished":"2025-04-03T08:36:18+00:00","dateModified":"2026-04-13T09:10:39+00:00","description":"Aldoria Bambu Soft ist eine Babytrage aus seidenweichem Bambusjersey, die besonders f\u00fcr 0-6 Monate geeignet ist, aber auch bis zum Alter des Kindes von etwa 1 Jahr verwendet werden kann.","breadcrumb":{"@id":"https:\/\/www.aldoriababy.com\/produkt\/aldoria-bambu-soft-taupe\/#breadcrumb"},"inLanguage":"de","potentialAction":[{"@type":"ReadAction","target":["https:\/\/www.aldoriababy.com\/produkt\/aldoria-bambu-soft-taupe\/"]}]},{"@type":"ImageObject","inLanguage":"de","@id":"https:\/\/www.aldoriababy.com\/produkt\/aldoria-bambu-soft-taupe\/#primaryimage","url":"https:\/\/www.aldoriababy.com\/wp-content\/uploads\/2025\/04\/Taupe_frilagd.png","contentUrl":"https:\/\/www.aldoriababy.com\/wp-content\/uploads\/2025\/04\/Taupe_frilagd.png","width":1566,"height":2232},{"@type":"BreadcrumbList","@id":"https:\/\/www.aldoriababy.com\/produkt\/aldoria-bambu-soft-taupe\/#breadcrumb","itemListElement":[{"@type":"ListItem","position":1,"name":"Hem","item":"https:\/\/www.aldoriababy.com\/"},{"@type":"ListItem","position":2,"name":"Produkter","item":"https:\/\/www.aldoriababy.com\/shop\/"},{"@type":"ListItem","position":3,"name":"Aldoria Bambu Soft Taupe"}]},{"@type":"WebSite","@id":"https:\/\/www.aldoriababy.com\/#website","url":"https:\/\/www.aldoriababy.com\/","name":"Aldoria - Bio-Babytraget\u00fccher","description":"Aldoria - Bio-Babytraget\u00fccher","publisher":{"@id":"https:\/\/www.aldoriababy.com\/#organization"},"potentialAction":[{"@type":"SearchAction","target":{"@type":"EntryPoint","urlTemplate":"https:\/\/www.aldoriababy.com\/?s={search_term_string}"},"query-input":{"@type":"PropertyValueSpecification","valueRequired":true,"valueName":"search_term_string"}}],"inLanguage":"de"},{"@type":"Organization","@id":"https:\/\/www.aldoriababy.com\/#organization","name":"Aldoria Baby","url":"https:\/\/www.aldoriababy.com\/","logo":{"@type":"ImageObject","inLanguage":"de","@id":"https:\/\/www.aldoriababy.com\/#\/schema\/logo\/image\/","url":"https:\/\/www.aldoriababy.com\/wp-content\/uploads\/2021\/03\/aldoria-331x200-1.jpg","contentUrl":"https:\/\/www.aldoriababy.com\/wp-content\/uploads\/2021\/03\/aldoria-331x200-1.jpg","width":331,"height":200,"caption":"Aldoria Baby"},"image":{"@id":"https:\/\/www.aldoriababy.com\/#\/schema\/logo\/image\/"}}]}},"_links":{"self":[{"href":"https:\/\/www.aldoriababy.com\/de\/wp-json\/wp\/v2\/product\/1256","targetHints":{"allow":["GET"]}}],"collection":[{"href":"https:\/\/www.aldoriababy.com\/de\/wp-json\/wp\/v2\/product"}],"about":[{"href":"https:\/\/www.aldoriababy.com\/de\/wp-json\/wp\/v2\/types\/product"}],"replies":[{"embeddable":true,"href":"https:\/\/www.aldoriababy.com\/de\/wp-json\/wp\/v2\/comments?post=1256"}],"wp:featuredmedia":[{"embeddable":true,"href":"https:\/\/www.aldoriababy.com\/de\/wp-json\/wp\/v2\/media\/1258"}],"wp:attachment":[{"href":"https:\/\/www.aldoriababy.com\/de\/wp-json\/wp\/v2\/media?parent=1256"}],"wp:term":[{"taxonomy":"product_brand","embeddable":true,"href":"https:\/\/www.aldoriababy.com\/de\/wp-json\/wp\/v2\/product_brand?post=1256"},{"taxonomy":"product_cat","embeddable":true,"href":"https:\/\/www.aldoriababy.com\/de\/wp-json\/wp\/v2\/product_cat?post=1256"},{"taxonomy":"product_tag","embeddable":true,"href":"https:\/\/www.aldoriababy.com\/de\/wp-json\/wp\/v2\/product_tag?post=1256"}],"curies":[{"name":"wp","href":"https:\/\/api.w.org\/{rel}","templated":true}]}}