{"id":134,"date":"2013-02-20T18:23:21","date_gmt":"2013-02-20T17:23:21","guid":{"rendered":"http:\/\/www.aldoria-baby.eu\/?page_id=134"},"modified":"2026-04-13T15:00:56","modified_gmt":"2026-04-13T13:00:56","slug":"why-wear-in-a-baby-sling","status":"publish","type":"page","link":"https:\/\/www.aldoriababy.com\/en\/varfor-bara-i-barsjal\/","title":{"rendered":"Why wear in a baby sling?"},"content":{"rendered":"<div data-elementor-type=\"wp-page\" data-elementor-id=\"134\" class=\"elementor elementor-134\" data-elementor-post-type=\"page\">\n\t\t\t\t<div class=\"elementor-element elementor-element-9a16c0b e-con-full e-flex e-con e-parent\" data-id=\"9a16c0b\" data-element_type=\"container\" data-e-type=\"container\" data-settings=\"{&quot;background_background&quot;:&quot;classic&quot;}\">\n\t\t<div class=\"elementor-element elementor-element-f5553b3 e-flex e-con-boxed e-con e-child\" data-id=\"f5553b3\" data-element_type=\"container\" data-e-type=\"container\">\n\t\t\t\t\t<div class=\"e-con-inner\">\n\t\t\t\t<div class=\"elementor-element elementor-element-519a482 elementor-widget elementor-widget-heading\" data-id=\"519a482\" data-element_type=\"widget\" data-e-type=\"widget\" data-widget_type=\"heading.default\">\n\t\t\t\t<div class=\"elementor-widget-container\">\n\t\t\t\t\t<h1 class=\"elementor-heading-title elementor-size-default\">Why wear in a baby sling?<\/h1>\t\t\t\t<\/div>\n\t\t\t\t<\/div>\n\t\t\t\t\t<\/div>\n\t\t\t\t<\/div>\n\t\t\t\t<\/div>\n\t\t<div class=\"elementor-element elementor-element-207618b e-flex e-con-boxed e-con e-parent\" data-id=\"207618b\" data-element_type=\"container\" data-e-type=\"container\">\n\t\t\t\t\t<div class=\"e-con-inner\">\n\t\t\t\t<div class=\"elementor-element elementor-element-cff82b1 elementor-widget elementor-widget-text-editor\" data-id=\"cff82b1\" data-element_type=\"widget\" data-e-type=\"widget\" data-widget_type=\"text-editor.default\">\n\t\t\t\t<div class=\"elementor-widget-container\">\n\t\t\t\t\t\t\t\t\t<h2 style=\"text-align: center;\">Proximity keeps children safe and happy<\/h2>\t\t\t\t\t\t\t\t<\/div>\n\t\t\t\t<\/div>\n\t\t<div class=\"elementor-element elementor-element-03de952 e-con-full e-flex e-con e-child\" data-id=\"03de952\" data-element_type=\"container\" data-e-type=\"container\">\n\t\t<div class=\"elementor-element elementor-element-b25e81e e-con-full e-flex e-con e-child\" data-id=\"b25e81e\" data-element_type=\"container\" data-e-type=\"container\">\n\t\t\t\t<div class=\"elementor-element elementor-element-f1c9ef9 elementor-widget elementor-widget-text-editor\" data-id=\"f1c9ef9\" data-element_type=\"widget\" data-e-type=\"widget\" data-widget_type=\"text-editor.default\">\n\t\t\t\t<div class=\"elementor-widget-container\">\n\t\t\t\t\t\t\t\t\t<p>Your young child feels good to be close to you. You pick up your baby when it cries to comfort it. All over the world, parents do the same thing, carrying and cradling their babies to their chests. Instinctively, we recognise that closeness and loving touch are positive. Measurable results from research confirm our feelings. Gentle touch produces a 'calming' hormone (oxytocin) in the body that has many measurable positive effects.<\/p>\t\t\t\t\t\t\t\t<\/div>\n\t\t\t\t<\/div>\n\t\t\t\t<\/div>\n\t\t<div class=\"elementor-element elementor-element-2650eac e-con-full e-flex e-con e-child\" data-id=\"2650eac\" data-element_type=\"container\" data-e-type=\"container\">\n\t\t\t\t<div class=\"elementor-element elementor-element-3e803dd elementor-align-start elementor-icon-list--layout-traditional elementor-list-item-link-full_width elementor-widget elementor-widget-icon-list\" data-id=\"3e803dd\" data-element_type=\"widget\" data-e-type=\"widget\" data-widget_type=\"icon-list.default\">\n\t\t\t\t<div class=\"elementor-widget-container\">\n\t\t\t\t\t\t\t<ul class=\"elementor-icon-list-items\">\n\t\t\t\t\t\t\t<li class=\"elementor-icon-list-item\">\n\t\t\t\t\t\t\t\t\t\t\t<span class=\"elementor-icon-list-icon\">\n\t\t\t\t\t\t\t<i aria-hidden=\"true\" class=\"fas fa-child\"><\/i>\t\t\t\t\t\t<\/span>\n\t\t\t\t\t\t\t\t\t\t<span class=\"elementor-icon-list-text\">Less fearful and more curious, friendly social individuals<\/span>\n\t\t\t\t\t\t\t\t\t<\/li>\n\t\t\t\t\t\t\t\t<li class=\"elementor-icon-list-item\">\n\t\t\t\t\t\t\t\t\t\t\t<span class=\"elementor-icon-list-icon\">\n\t\t\t\t\t\t\t<i aria-hidden=\"true\" class=\"fas fa-child\"><\/i>\t\t\t\t\t\t<\/span>\n\t\t\t\t\t\t\t\t\t\t<span class=\"elementor-icon-list-text\">Better social memory - helps you and your child bond faster<\/span>\n\t\t\t\t\t\t\t\t\t<\/li>\n\t\t\t\t\t\t\t\t<li class=\"elementor-icon-list-item\">\n\t\t\t\t\t\t\t\t\t\t\t<span class=\"elementor-icon-list-icon\">\n\t\t\t\t\t\t\t<i aria-hidden=\"true\" class=\"fas fa-child\"><\/i>\t\t\t\t\t\t<\/span>\n\t\t\t\t\t\t\t\t\t\t<span class=\"elementor-icon-list-text\">Better conditions for learning<\/span>\n\t\t\t\t\t\t\t\t\t<\/li>\n\t\t\t\t\t\t\t\t<li class=\"elementor-icon-list-item\">\n\t\t\t\t\t\t\t\t\t\t\t<span class=\"elementor-icon-list-icon\">\n\t\t\t\t\t\t\t<i aria-hidden=\"true\" class=\"fas fa-child\"><\/i>\t\t\t\t\t\t<\/span>\n\t\t\t\t\t\t\t\t\t\t<span class=\"elementor-icon-list-text\">Calmer and less stressed children<\/span>\n\t\t\t\t\t\t\t\t\t<\/li>\n\t\t\t\t\t\t\t\t<li class=\"elementor-icon-list-item\">\n\t\t\t\t\t\t\t\t\t\t\t<span class=\"elementor-icon-list-icon\">\n\t\t\t\t\t\t\t<i aria-hidden=\"true\" class=\"fas fa-child\"><\/i>\t\t\t\t\t\t<\/span>\n\t\t\t\t\t\t\t\t\t\t<span class=\"elementor-icon-list-text\">Better growth and nutrient uptake<\/span>\n\t\t\t\t\t\t\t\t\t<\/li>\n\t\t\t\t\t\t\t\t<li class=\"elementor-icon-list-item\">\n\t\t\t\t\t\t\t\t\t\t\t<span class=\"elementor-icon-list-icon\">\n\t\t\t\t\t\t\t<i aria-hidden=\"true\" class=\"fas fa-child\"><\/i>\t\t\t\t\t\t<\/span>\n\t\t\t\t\t\t\t\t\t\t<span class=\"elementor-icon-list-text\">Pain relief and better wound healing<\/span>\n\t\t\t\t\t\t\t\t\t<\/li>\n\t\t\t\t\t\t<\/ul>\n\t\t\t\t\t\t<\/div>\n\t\t\t\t<\/div>\n\t\t\t\t<\/div>\n\t\t\t\t<\/div>\n\t\t\t\t\t<\/div>\n\t\t\t\t<\/div>\n\t\t<div class=\"elementor-element elementor-element-ced7617 e-flex e-con-boxed e-con e-parent\" data-id=\"ced7617\" data-element_type=\"container\" data-e-type=\"container\">\n\t\t\t\t\t<div class=\"e-con-inner\">\n\t\t\t\t<div class=\"elementor-element elementor-element-95b8a80 elementor-widget elementor-widget-video\" data-id=\"95b8a80\" data-element_type=\"widget\" data-e-type=\"widget\" data-settings=\"{&quot;youtube_url&quot;:&quot;https:\\\/\\\/youtu.be\\\/HWEgzZ8F_QQ&quot;,&quot;video_type&quot;:&quot;youtube&quot;,&quot;controls&quot;:&quot;yes&quot;}\" data-widget_type=\"video.default\">\n\t\t\t\t<div class=\"elementor-widget-container\">\n\t\t\t\t\t\t\t<div class=\"elementor-wrapper elementor-open-inline\">\n\t\t\t<div class=\"elementor-video\"><\/div>\t\t<\/div>\n\t\t\t\t\t\t<\/div>\n\t\t\t\t<\/div>\n\t\t<div class=\"elementor-element elementor-element-47b7936 e-con-full e-flex e-con e-child\" data-id=\"47b7936\" data-element_type=\"container\" data-e-type=\"container\">\n\t\t<div class=\"elementor-element elementor-element-515f6d3 e-con-full e-flex e-con e-child\" data-id=\"515f6d3\" data-element_type=\"container\" data-e-type=\"container\">\n\t\t\t\t<div class=\"elementor-element elementor-element-8198f69 elementor-widget elementor-widget-text-editor\" data-id=\"8198f69\" data-element_type=\"widget\" data-e-type=\"widget\" data-widget_type=\"text-editor.default\">\n\t\t\t\t<div class=\"elementor-widget-container\">\n\t\t\t\t\t\t\t\t\t<h3>Shaping your child for life<\/h3><p>The positive effects of touch affect both you and your child. You yourself are affected for the moment. According to Professor Kerstin Uvn\u00e4s Moberg, a leading researcher in the field, touch shapes your child for the rest of their life. If your child receives a lot of touch as a baby, it affects brain development. The nervous system becomes calmer. Your child becomes less stressed and friendlier as a person.<\/p><h3>Physical, mental and social stimulation<\/h3><p>Your child is intellectually stimulated by being carried by you and watching what you do. The sense of balance and muscles are trained thanks to the constant movement. Your child will reach the same level as the adults you meet. From the safety of your arms, it is easy for your curious child to make contact.<\/p><h3>More independent children<\/h3><p>Parents who carry a lot have noticed that their children quickly become independent. Take your child in your arms when it needs your closeness. They'll let go as soon as they've had their fill of your security. Now they can explore the world further on their own. Children who get the closeness they need become independent sooner.<\/p>\t\t\t\t\t\t\t\t<\/div>\n\t\t\t\t<\/div>\n\t\t\t\t<\/div>\n\t\t<div class=\"elementor-element elementor-element-0515cf8 e-con-full e-flex e-con e-child\" data-id=\"0515cf8\" data-element_type=\"container\" data-e-type=\"container\">\n\t\t\t\t<div class=\"elementor-element elementor-element-c8db1c9 elementor-widget elementor-widget-text-editor\" data-id=\"c8db1c9\" data-element_type=\"widget\" data-e-type=\"widget\" data-widget_type=\"text-editor.default\">\n\t\t\t\t<div class=\"elementor-widget-container\">\n\t\t\t\t\t\t\t\t\t<h3>Other positive effects of carrying children in a baby sling<\/h3><ul><li>The child gets a good view of the surroundings and the parent and child can do simple things together which stimulates the child, without having to focus too much on the child.<\/li><li>In addition, the child's sense of balance is trained thanks to constant movement. This can help to promote the child's motor development.<\/li><li>The baby carrier provides a good social start in life, as the child is brought up to the same level as the adults and can make open contact in safety.<\/li><li>With the right choice of sling, the adult gets such good relief and posture that the back is trained and becomes stronger instead of wearing it out.<\/li><\/ul>\t\t\t\t\t\t\t\t<\/div>\n\t\t\t\t<\/div>\n\t\t\t\t<\/div>\n\t\t\t\t<\/div>\n\t\t\t\t\t<\/div>\n\t\t\t\t<\/div>\n\t\t<div class=\"elementor-element elementor-element-c64b1ba e-flex e-con-boxed e-con e-parent\" data-id=\"c64b1ba\" data-element_type=\"container\" data-e-type=\"container\">\n\t\t\t\t\t<div class=\"e-con-inner\">\n\t\t<div class=\"elementor-element elementor-element-4f261d8 e-con-full e-flex e-con e-child\" data-id=\"4f261d8\" data-element_type=\"container\" data-e-type=\"container\" data-settings=\"{&quot;background_background&quot;:&quot;classic&quot;}\">\n\t\t\t\t<div class=\"elementor-element elementor-element-21e8c6b elementor-widget elementor-widget-heading\" data-id=\"21e8c6b\" data-element_type=\"widget\" data-e-type=\"widget\" data-widget_type=\"heading.default\">\n\t\t\t\t<div class=\"elementor-widget-container\">\n\t\t\t\t\t<h2 class=\"elementor-heading-title elementor-size-default\">Why use a sling as a tool?<\/h2>\t\t\t\t<\/div>\n\t\t\t\t<\/div>\n\t\t\t\t<div class=\"elementor-element elementor-element-c78654d elementor-widget elementor-widget-text-editor\" data-id=\"c78654d\" data-element_type=\"widget\" data-e-type=\"widget\" data-widget_type=\"text-editor.default\">\n\t\t\t\t<div class=\"elementor-widget-container\">\n\t\t\t\t\t\t\t\t\t<ul><li>Very ergonomic for both wearer and child. The carrier that is usually the one that children between 0-3 months sit \/ lie best in.<\/li><li>Flexible - you can carry the baby lying down, sitting inwards and outwards, on your hip and on your back.<\/li><li>It is possible to breastfeed while wearing a sling.<\/li><li>Provides greater closeness between child and carrier than other carriers. Becomes like a comfortable, safe embrace of the child.<\/li><\/ul>\t\t\t\t\t\t\t\t<\/div>\n\t\t\t\t<\/div>\n\t\t\t\t<\/div>\n\t\t<div class=\"elementor-element elementor-element-ec54ada e-con-full e-flex e-con e-child\" data-id=\"ec54ada\" data-element_type=\"container\" data-e-type=\"container\" data-settings=\"{&quot;background_background&quot;:&quot;classic&quot;}\">\n\t\t\t\t<div class=\"elementor-element elementor-element-09b52a9 elementor-widget elementor-widget-heading\" data-id=\"09b52a9\" data-element_type=\"widget\" data-e-type=\"widget\" data-widget_type=\"heading.default\">\n\t\t\t\t<div class=\"elementor-widget-container\">\n\t\t\t\t\t<h2 class=\"elementor-heading-title elementor-size-default\">A baby sling can be an extra help:<\/h2>\t\t\t\t<\/div>\n\t\t\t\t<\/div>\n\t\t\t\t<div class=\"elementor-element elementor-element-e0636ff elementor-widget elementor-widget-text-editor\" data-id=\"e0636ff\" data-element_type=\"widget\" data-e-type=\"widget\" data-widget_type=\"text-editor.default\">\n\t\t\t\t<div class=\"elementor-widget-container\">\n\t\t\t\t\t\t\t\t\t<ul><li>Parents of colicky children.<\/li><li>Mothers who suffer from postnatal depression.<\/li><li>Parents of twins.<\/li><li>Parents of children with disabilities, who need to be carried extra and further into old age.<\/li><\/ul>\t\t\t\t\t\t\t\t<\/div>\n\t\t\t\t<\/div>\n\t\t\t\t<\/div>\n\t\t\t\t\t<\/div>\n\t\t\t\t<\/div>\n\t\t\t\t<\/div>","protected":false},"excerpt":{"rendered":"<p>Varf\u00f6r b\u00e4ra i b\u00e4rsjal? N\u00e4rhet ger trygga och n\u00f6jda barn Ditt lilla barn m\u00e5r bra av vara n\u00e4ra dig. Du lyfter upp ditt barn n\u00e4r det skriker f\u00f6r att tr\u00f6sta det. V\u00e4rlden \u00f6ver g\u00f6r vi f\u00f6r\u00e4ldrar samma sak, vi b\u00e4r och vaggar v\u00e5ra barn till ro vid br\u00f6stet. Instinktivt k\u00e4nner vi att n\u00e4rhet och k\u00e4rleksfull [&hellip;]<\/p>\n","protected":false},"author":1,"featured_media":0,"parent":0,"menu_order":0,"comment_status":"closed","ping_status":"closed","template":"","meta":{"footnotes":""},"class_list":["post-134","page","type-page","status-publish","hentry"],"yoast_head":"<!-- This site is optimized with the Yoast SEO plugin v27.4 - https:\/\/yoast.com\/product\/yoast-seo-wordpress\/ -->\n<title>Varf\u00f6r b\u00e4ra i b\u00e4rsjal? - N\u00e4rhet ger trygga barn - Aldoria Baby<\/title>\n<meta name=\"description\" content=\"Ditt lilla barn m\u00e5r bra av vara n\u00e4ra dig. Du lyfter upp ditt barn n\u00e4r det skriker f\u00f6r att tr\u00f6sta det. V\u00e4rlden \u00f6ver g\u00f6r f\u00f6r\u00e4ldrar samma sak.\" \/>\n<meta name=\"robots\" content=\"index, follow, max-snippet:-1, max-image-preview:large, max-video-preview:-1\" \/>\n<link rel=\"canonical\" href=\"https:\/\/www.aldoriababy.com\/en\/why-wear-in-a-baby-sling\/\" \/>\n<meta property=\"og:locale\" content=\"en_GB\" \/>\n<meta property=\"og:type\" content=\"article\" \/>\n<meta property=\"og:title\" content=\"Varf\u00f6r b\u00e4ra i b\u00e4rsjal? - N\u00e4rhet ger trygga barn - Aldoria Baby\" \/>\n<meta property=\"og:description\" content=\"Ditt lilla barn m\u00e5r bra av vara n\u00e4ra dig. Du lyfter upp ditt barn n\u00e4r det skriker f\u00f6r att tr\u00f6sta det. V\u00e4rlden \u00f6ver g\u00f6r f\u00f6r\u00e4ldrar samma sak.\" \/>\n<meta property=\"og:url\" content=\"https:\/\/www.aldoriababy.com\/en\/why-wear-in-a-baby-sling\/\" \/>\n<meta property=\"og:site_name\" content=\"Aldoria - ekologiska b\u00e4rsjalar\" \/>\n<meta property=\"article:modified_time\" content=\"2026-04-13T13:00:56+00:00\" \/>\n<meta name=\"twitter:card\" content=\"summary_large_image\" \/>\n<meta name=\"twitter:label1\" content=\"Estimated reading time\" \/>\n\t<meta name=\"twitter:data1\" content=\"3 minutes\" \/>\n<script type=\"application\/ld+json\" class=\"yoast-schema-graph\">{\"@context\":\"https:\\\/\\\/schema.org\",\"@graph\":[{\"@type\":\"WebPage\",\"@id\":\"https:\\\/\\\/www.aldoriababy.com\\\/varfor-bara-i-barsjal\\\/\",\"url\":\"https:\\\/\\\/www.aldoriababy.com\\\/varfor-bara-i-barsjal\\\/\",\"name\":\"Varf\u00f6r b\u00e4ra i b\u00e4rsjal? - N\u00e4rhet ger trygga barn - Aldoria Baby\",\"isPartOf\":{\"@id\":\"https:\\\/\\\/www.aldoriababy.com\\\/#website\"},\"datePublished\":\"2013-02-20T17:23:21+00:00\",\"dateModified\":\"2026-04-13T13:00:56+00:00\",\"description\":\"Ditt lilla barn m\u00e5r bra av vara n\u00e4ra dig. Du lyfter upp ditt barn n\u00e4r det skriker f\u00f6r att tr\u00f6sta det. V\u00e4rlden \u00f6ver g\u00f6r f\u00f6r\u00e4ldrar samma sak.\",\"breadcrumb\":{\"@id\":\"https:\\\/\\\/www.aldoriababy.com\\\/varfor-bara-i-barsjal\\\/#breadcrumb\"},\"inLanguage\":\"en-GB\",\"potentialAction\":[{\"@type\":\"ReadAction\",\"target\":[\"https:\\\/\\\/www.aldoriababy.com\\\/varfor-bara-i-barsjal\\\/\"]}]},{\"@type\":\"BreadcrumbList\",\"@id\":\"https:\\\/\\\/www.aldoriababy.com\\\/varfor-bara-i-barsjal\\\/#breadcrumb\",\"itemListElement\":[{\"@type\":\"ListItem\",\"position\":1,\"name\":\"Hem\",\"item\":\"https:\\\/\\\/www.aldoriababy.com\\\/\"},{\"@type\":\"ListItem\",\"position\":2,\"name\":\"Varf\u00f6r b\u00e4ra i b\u00e4rsjal?\"}]},{\"@type\":\"WebSite\",\"@id\":\"https:\\\/\\\/www.aldoriababy.com\\\/#website\",\"url\":\"https:\\\/\\\/www.aldoriababy.com\\\/\",\"name\":\"Aldoria - ekologiska b\u00e4rsjalar\",\"description\":\"Aldoria - ekologiska b\u00e4rsjalar\",\"publisher\":{\"@id\":\"https:\\\/\\\/www.aldoriababy.com\\\/#organization\"},\"potentialAction\":[{\"@type\":\"SearchAction\",\"target\":{\"@type\":\"EntryPoint\",\"urlTemplate\":\"https:\\\/\\\/www.aldoriababy.com\\\/?s={search_term_string}\"},\"query-input\":{\"@type\":\"PropertyValueSpecification\",\"valueRequired\":true,\"valueName\":\"search_term_string\"}}],\"inLanguage\":\"en-GB\"},{\"@type\":\"Organization\",\"@id\":\"https:\\\/\\\/www.aldoriababy.com\\\/#organization\",\"name\":\"Aldoria Baby\",\"url\":\"https:\\\/\\\/www.aldoriababy.com\\\/\",\"logo\":{\"@type\":\"ImageObject\",\"inLanguage\":\"en-GB\",\"@id\":\"https:\\\/\\\/www.aldoriababy.com\\\/#\\\/schema\\\/logo\\\/image\\\/\",\"url\":\"https:\\\/\\\/www.aldoriababy.com\\\/wp-content\\\/uploads\\\/2021\\\/03\\\/aldoria-331x200-1.jpg\",\"contentUrl\":\"https:\\\/\\\/www.aldoriababy.com\\\/wp-content\\\/uploads\\\/2021\\\/03\\\/aldoria-331x200-1.jpg\",\"width\":331,\"height\":200,\"caption\":\"Aldoria Baby\"},\"image\":{\"@id\":\"https:\\\/\\\/www.aldoriababy.com\\\/#\\\/schema\\\/logo\\\/image\\\/\"}}]}<\/script>\n<!-- \/ Yoast SEO plugin. -->","yoast_head_json":{"title":"Why carry in a baby sling - Closeness keeps babies safe - Aldoria Baby","description":"Your young child feels good to be close to you. You pick up your baby when it cries to comfort it. All over the world, parents do the same.","robots":{"index":"index","follow":"follow","max-snippet":"max-snippet:-1","max-image-preview":"max-image-preview:large","max-video-preview":"max-video-preview:-1"},"canonical":"https:\/\/www.aldoriababy.com\/en\/why-wear-in-a-baby-sling\/","og_locale":"en_GB","og_type":"article","og_title":"Varf\u00f6r b\u00e4ra i b\u00e4rsjal? - N\u00e4rhet ger trygga barn - Aldoria Baby","og_description":"Ditt lilla barn m\u00e5r bra av vara n\u00e4ra dig. Du lyfter upp ditt barn n\u00e4r det skriker f\u00f6r att tr\u00f6sta det. V\u00e4rlden \u00f6ver g\u00f6r f\u00f6r\u00e4ldrar samma sak.","og_url":"https:\/\/www.aldoriababy.com\/en\/why-wear-in-a-baby-sling\/","og_site_name":"Aldoria - ekologiska b\u00e4rsjalar","article_modified_time":"2026-04-13T13:00:56+00:00","twitter_card":"summary_large_image","twitter_misc":{"Estimated reading time":"3 minutes"},"schema":{"@context":"https:\/\/schema.org","@graph":[{"@type":"WebPage","@id":"https:\/\/www.aldoriababy.com\/varfor-bara-i-barsjal\/","url":"https:\/\/www.aldoriababy.com\/varfor-bara-i-barsjal\/","name":"Why carry in a baby sling - Closeness keeps babies safe - Aldoria Baby","isPartOf":{"@id":"https:\/\/www.aldoriababy.com\/#website"},"datePublished":"2013-02-20T17:23:21+00:00","dateModified":"2026-04-13T13:00:56+00:00","description":"Your young child feels good to be close to you. You pick up your baby when it cries to comfort it. All over the world, parents do the same.","breadcrumb":{"@id":"https:\/\/www.aldoriababy.com\/varfor-bara-i-barsjal\/#breadcrumb"},"inLanguage":"en-GB","potentialAction":[{"@type":"ReadAction","target":["https:\/\/www.aldoriababy.com\/varfor-bara-i-barsjal\/"]}]},{"@type":"BreadcrumbList","@id":"https:\/\/www.aldoriababy.com\/varfor-bara-i-barsjal\/#breadcrumb","itemListElement":[{"@type":"ListItem","position":1,"name":"Hem","item":"https:\/\/www.aldoriababy.com\/"},{"@type":"ListItem","position":2,"name":"Varf\u00f6r b\u00e4ra i b\u00e4rsjal?"}]},{"@type":"WebSite","@id":"https:\/\/www.aldoriababy.com\/#website","url":"https:\/\/www.aldoriababy.com\/","name":"Aldoria - organic baby slings","description":"Aldoria - organic baby slings","publisher":{"@id":"https:\/\/www.aldoriababy.com\/#organization"},"potentialAction":[{"@type":"SearchAction","target":{"@type":"EntryPoint","urlTemplate":"https:\/\/www.aldoriababy.com\/?s={search_term_string}"},"query-input":{"@type":"PropertyValueSpecification","valueRequired":true,"valueName":"search_term_string"}}],"inLanguage":"en-GB"},{"@type":"Organization","@id":"https:\/\/www.aldoriababy.com\/#organization","name":"Aldoria Baby","url":"https:\/\/www.aldoriababy.com\/","logo":{"@type":"ImageObject","inLanguage":"en-GB","@id":"https:\/\/www.aldoriababy.com\/#\/schema\/logo\/image\/","url":"https:\/\/www.aldoriababy.com\/wp-content\/uploads\/2021\/03\/aldoria-331x200-1.jpg","contentUrl":"https:\/\/www.aldoriababy.com\/wp-content\/uploads\/2021\/03\/aldoria-331x200-1.jpg","width":331,"height":200,"caption":"Aldoria Baby"},"image":{"@id":"https:\/\/www.aldoriababy.com\/#\/schema\/logo\/image\/"}}]}},"_links":{"self":[{"href":"https:\/\/www.aldoriababy.com\/en\/wp-json\/wp\/v2\/pages\/134","targetHints":{"allow":["GET"]}}],"collection":[{"href":"https:\/\/www.aldoriababy.com\/en\/wp-json\/wp\/v2\/pages"}],"about":[{"href":"https:\/\/www.aldoriababy.com\/en\/wp-json\/wp\/v2\/types\/page"}],"author":[{"embeddable":true,"href":"https:\/\/www.aldoriababy.com\/en\/wp-json\/wp\/v2\/users\/1"}],"replies":[{"embeddable":true,"href":"https:\/\/www.aldoriababy.com\/en\/wp-json\/wp\/v2\/comments?post=134"}],"version-history":[{"count":122,"href":"https:\/\/www.aldoriababy.com\/en\/wp-json\/wp\/v2\/pages\/134\/revisions"}],"predecessor-version":[{"id":1982,"href":"https:\/\/www.aldoriababy.com\/en\/wp-json\/wp\/v2\/pages\/134\/revisions\/1982"}],"wp:attachment":[{"href":"https:\/\/www.aldoriababy.com\/en\/wp-json\/wp\/v2\/media?parent=134"}],"curies":[{"name":"wp","href":"https:\/\/api.w.org\/{rel}","templated":true}]}}