{"id":1285,"date":"2025-04-03T10:54:04","date_gmt":"2025-04-03T08:54:04","guid":{"rendered":"https:\/\/www.aldoriababy.com\/?post_type=product&#038;p=1285"},"modified":"2026-04-20T12:07:36","modified_gmt":"2026-04-20T10:07:36","slug":"aldoria-bamboo-soft-lavender","status":"publish","type":"product","link":"https:\/\/www.aldoriababy.com\/en\/produkt\/aldoria-bambu-soft-lavender\/","title":{"rendered":"Aldoria Bambu Soft Lavender"},"content":{"rendered":"<p data-start=\"161\" data-end=\"234\"><strong data-start=\"161\" data-end=\"234\">Aldoria Bambu Soft - silky baby sling for safe and close carrying<\/strong><\/p>\n<p data-start=\"236\" data-end=\"603\">The Aldoria Bambu Soft is a soft and supple baby wrap made from exclusive bamboo jersey that provides both you and your baby with a comfortable and safe babywearing experience. The silky feel makes the wrap extra comfortable against baby's delicate skin, while creating a safe embrace reminiscent of time spent in the womb. Perfect for newborns from 0-6 months, but can be used up to around 1 year of age. In addition, the Aldoria Bambu Soft is a one-way stretch, which means that the shawl stretches in width but not particularly in length.<\/p>\n<p data-start=\"605\" data-end=\"903\">Carrying your baby in a sling promotes closeness, security and bonding. The Aldoria Bambu Soft brings your baby close to your body, feeling your warmth, hearing your heartbeat and getting a calming sense of movement - which often contributes to less crying and better sleep. At the same time, it frees your hands in everyday life.<\/p>\n<p data-start=\"905\" data-end=\"1286\">Bamboo is a natural material with unique properties that make it particularly suitable for baby products. The fibre is naturally antibacterial, breathes well and has temperature regulating properties.  The shawl warms when it's cool and cools when it's hot, making it ideal all year round. This makes the shawl especially appreciated during the warmer days of summer. Then it neither feels like it closes in nor gets too hot.<\/p>\n<h4 data-start=\"905\" data-end=\"1286\">Carry your child safely in the baby carrier:<\/h4>\n<p data-start=\"1288\" data-end=\"1614\">The sling is easy to tie and clear instructions for several different tying techniques are included in the pack, making it equally appreciated by beginners and more experienced wearers. Be sure to read about the safety circle for safe carrying such as making sure breathing paths are clear. Weighing only 560 grams, the Aldoria Bambu Soft is easy to fold and easy to carry in your baby changing bag - ready for everyday use and outings.<\/p>\n<h4 data-start=\"1616\" data-end=\"1660\"><strong data-start=\"1616\" data-end=\"1660\">Advantages of the Aldoria Bambu Soft sling:<\/strong><\/h4>\n<ul data-start=\"1661\" data-end=\"1922\">\n<li data-start=\"1661\" data-end=\"1712\">\n<p data-start=\"1663\" data-end=\"1712\">Silky soft bamboo jersey - gentle on baby's skin<\/p>\n<\/li>\n<li data-start=\"1713\" data-end=\"1756\">\n<p data-start=\"1715\" data-end=\"1756\">Promotes closeness, security and attachment<\/p>\n<\/li>\n<li data-start=\"1757\" data-end=\"1809\">\n<p data-start=\"1759\" data-end=\"1809\">Temperature regulating and antibacterial material<\/p>\n<\/li>\n<li data-start=\"1810\" data-end=\"1854\">\n<p data-start=\"1812\" data-end=\"1854\">Easy to tie with instructions included<\/p>\n<\/li>\n<li data-start=\"1855\" data-end=\"1891\">\n<p data-start=\"1857\" data-end=\"1891\">Ideal for newborns and small children<\/p>\n<\/li>\n<li data-start=\"1892\" data-end=\"1922\">\n<p data-start=\"1894\" data-end=\"1922\">Flexible and easy to carry<\/p>\n<\/li>\n<\/ul>","protected":false},"excerpt":{"rendered":"<p><span class=\"s1\">Aldoria Bambu Soft is a baby carrier in silky soft bamboo jersey, especially suitable for 0-6 months but can be used until the child is about 1 year old.<\/span><\/p>","protected":false},"featured_media":1012,"comment_status":"open","ping_status":"closed","template":"","meta":[],"product_brand":[],"product_cat":[42],"product_tag":[],"class_list":{"0":"post-1285","1":"product","2":"type-product","3":"status-publish","4":"has-post-thumbnail","6":"product_cat-barsjalar","8":"first","9":"instock","10":"sale","11":"taxable","12":"shipping-taxable","13":"purchasable","14":"product-type-simple"},"yoast_head":"<!-- This site is optimized with the Yoast SEO plugin v27.4 - https:\/\/yoast.com\/product\/yoast-seo-wordpress\/ -->\n<title>Best\u00e4ll Aldoria Bambu Soft - B\u00e4rsjal fr\u00e5n Aldoria Baby<\/title>\n<meta name=\"description\" content=\"Aldoria Bambu Soft \u00e4r en b\u00e4rsjal i silkesmjuk bambutrik\u00e5, s\u00e4rskilt l\u00e4mplig f\u00f6r 0-6 m\u00e5nader men kan anv\u00e4ndas tills barnet blir ca 1 \u00e5r.\" \/>\n<meta name=\"robots\" content=\"index, follow, max-snippet:-1, max-image-preview:large, max-video-preview:-1\" \/>\n<link rel=\"canonical\" href=\"https:\/\/www.aldoriababy.com\/en\/product\/aldoria-bamboo-soft-lavender\/\" \/>\n<meta property=\"og:locale\" content=\"en_GB\" \/>\n<meta property=\"og:type\" content=\"article\" \/>\n<meta property=\"og:title\" content=\"Best\u00e4ll Aldoria Bambu Soft - B\u00e4rsjal fr\u00e5n Aldoria Baby\" \/>\n<meta property=\"og:description\" content=\"Aldoria Bambu Soft \u00e4r en b\u00e4rsjal i silkesmjuk bambutrik\u00e5, s\u00e4rskilt l\u00e4mplig f\u00f6r 0-6 m\u00e5nader men kan anv\u00e4ndas tills barnet blir ca 1 \u00e5r.\" \/>\n<meta property=\"og:url\" content=\"https:\/\/www.aldoriababy.com\/en\/product\/aldoria-bamboo-soft-lavender\/\" \/>\n<meta property=\"og:site_name\" content=\"Aldoria - ekologiska b\u00e4rsjalar\" \/>\n<meta property=\"article:modified_time\" content=\"2026-04-20T10:07:36+00:00\" \/>\n<meta property=\"og:image\" content=\"https:\/\/www.aldoriababy.com\/wp-content\/uploads\/2024\/09\/7350077780224.jpg\" \/>\n\t<meta property=\"og:image:width\" content=\"1437\" \/>\n\t<meta property=\"og:image:height\" content=\"2048\" \/>\n\t<meta property=\"og:image:type\" content=\"image\/jpeg\" \/>\n<meta name=\"twitter:card\" content=\"summary_large_image\" \/>\n<meta name=\"twitter:label1\" content=\"Estimated reading time\" \/>\n\t<meta name=\"twitter:data1\" content=\"2 minutes\" \/>\n<script type=\"application\/ld+json\" class=\"yoast-schema-graph\">{\"@context\":\"https:\\\/\\\/schema.org\",\"@graph\":[{\"@type\":\"WebPage\",\"@id\":\"https:\\\/\\\/www.aldoriababy.com\\\/produkt\\\/aldoria-bambu-soft-lavender\\\/\",\"url\":\"https:\\\/\\\/www.aldoriababy.com\\\/produkt\\\/aldoria-bambu-soft-lavender\\\/\",\"name\":\"Best\u00e4ll Aldoria Bambu Soft - B\u00e4rsjal fr\u00e5n Aldoria Baby\",\"isPartOf\":{\"@id\":\"https:\\\/\\\/www.aldoriababy.com\\\/#website\"},\"primaryImageOfPage\":{\"@id\":\"https:\\\/\\\/www.aldoriababy.com\\\/produkt\\\/aldoria-bambu-soft-lavender\\\/#primaryimage\"},\"image\":{\"@id\":\"https:\\\/\\\/www.aldoriababy.com\\\/produkt\\\/aldoria-bambu-soft-lavender\\\/#primaryimage\"},\"thumbnailUrl\":\"https:\\\/\\\/www.aldoriababy.com\\\/wp-content\\\/uploads\\\/2024\\\/09\\\/7350077780224.jpg\",\"datePublished\":\"2025-04-03T08:54:04+00:00\",\"dateModified\":\"2026-04-20T10:07:36+00:00\",\"description\":\"Aldoria Bambu Soft \u00e4r en b\u00e4rsjal i silkesmjuk bambutrik\u00e5, s\u00e4rskilt l\u00e4mplig f\u00f6r 0-6 m\u00e5nader men kan anv\u00e4ndas tills barnet blir ca 1 \u00e5r.\",\"breadcrumb\":{\"@id\":\"https:\\\/\\\/www.aldoriababy.com\\\/produkt\\\/aldoria-bambu-soft-lavender\\\/#breadcrumb\"},\"inLanguage\":\"en-GB\",\"potentialAction\":[{\"@type\":\"ReadAction\",\"target\":[\"https:\\\/\\\/www.aldoriababy.com\\\/produkt\\\/aldoria-bambu-soft-lavender\\\/\"]}]},{\"@type\":\"ImageObject\",\"inLanguage\":\"en-GB\",\"@id\":\"https:\\\/\\\/www.aldoriababy.com\\\/produkt\\\/aldoria-bambu-soft-lavender\\\/#primaryimage\",\"url\":\"https:\\\/\\\/www.aldoriababy.com\\\/wp-content\\\/uploads\\\/2024\\\/09\\\/7350077780224.jpg\",\"contentUrl\":\"https:\\\/\\\/www.aldoriababy.com\\\/wp-content\\\/uploads\\\/2024\\\/09\\\/7350077780224.jpg\",\"width\":1437,\"height\":2048},{\"@type\":\"BreadcrumbList\",\"@id\":\"https:\\\/\\\/www.aldoriababy.com\\\/produkt\\\/aldoria-bambu-soft-lavender\\\/#breadcrumb\",\"itemListElement\":[{\"@type\":\"ListItem\",\"position\":1,\"name\":\"Hem\",\"item\":\"https:\\\/\\\/www.aldoriababy.com\\\/\"},{\"@type\":\"ListItem\",\"position\":2,\"name\":\"Produkter\",\"item\":\"https:\\\/\\\/www.aldoriababy.com\\\/shop\\\/\"},{\"@type\":\"ListItem\",\"position\":3,\"name\":\"Aldoria Bambu Soft Lavender\"}]},{\"@type\":\"WebSite\",\"@id\":\"https:\\\/\\\/www.aldoriababy.com\\\/#website\",\"url\":\"https:\\\/\\\/www.aldoriababy.com\\\/\",\"name\":\"Aldoria - ekologiska b\u00e4rsjalar\",\"description\":\"Aldoria - ekologiska b\u00e4rsjalar\",\"publisher\":{\"@id\":\"https:\\\/\\\/www.aldoriababy.com\\\/#organization\"},\"potentialAction\":[{\"@type\":\"SearchAction\",\"target\":{\"@type\":\"EntryPoint\",\"urlTemplate\":\"https:\\\/\\\/www.aldoriababy.com\\\/?s={search_term_string}\"},\"query-input\":{\"@type\":\"PropertyValueSpecification\",\"valueRequired\":true,\"valueName\":\"search_term_string\"}}],\"inLanguage\":\"en-GB\"},{\"@type\":\"Organization\",\"@id\":\"https:\\\/\\\/www.aldoriababy.com\\\/#organization\",\"name\":\"Aldoria Baby\",\"url\":\"https:\\\/\\\/www.aldoriababy.com\\\/\",\"logo\":{\"@type\":\"ImageObject\",\"inLanguage\":\"en-GB\",\"@id\":\"https:\\\/\\\/www.aldoriababy.com\\\/#\\\/schema\\\/logo\\\/image\\\/\",\"url\":\"https:\\\/\\\/www.aldoriababy.com\\\/wp-content\\\/uploads\\\/2021\\\/03\\\/aldoria-331x200-1.jpg\",\"contentUrl\":\"https:\\\/\\\/www.aldoriababy.com\\\/wp-content\\\/uploads\\\/2021\\\/03\\\/aldoria-331x200-1.jpg\",\"width\":331,\"height\":200,\"caption\":\"Aldoria Baby\"},\"image\":{\"@id\":\"https:\\\/\\\/www.aldoriababy.com\\\/#\\\/schema\\\/logo\\\/image\\\/\"}}]}<\/script>\n<!-- \/ Yoast SEO plugin. -->","yoast_head_json":{"title":"Order Aldoria Bambu Soft - Baby wrap from Aldoria Baby","description":"Aldoria Bambu Soft is a baby carrier in silky soft bamboo jersey, especially suitable for 0-6 months but can be used until the child is about 1 year old.","robots":{"index":"index","follow":"follow","max-snippet":"max-snippet:-1","max-image-preview":"max-image-preview:large","max-video-preview":"max-video-preview:-1"},"canonical":"https:\/\/www.aldoriababy.com\/en\/product\/aldoria-bamboo-soft-lavender\/","og_locale":"en_GB","og_type":"article","og_title":"Best\u00e4ll Aldoria Bambu Soft - B\u00e4rsjal fr\u00e5n Aldoria Baby","og_description":"Aldoria Bambu Soft \u00e4r en b\u00e4rsjal i silkesmjuk bambutrik\u00e5, s\u00e4rskilt l\u00e4mplig f\u00f6r 0-6 m\u00e5nader men kan anv\u00e4ndas tills barnet blir ca 1 \u00e5r.","og_url":"https:\/\/www.aldoriababy.com\/en\/product\/aldoria-bamboo-soft-lavender\/","og_site_name":"Aldoria - ekologiska b\u00e4rsjalar","article_modified_time":"2026-04-20T10:07:36+00:00","og_image":[{"width":1437,"height":2048,"url":"https:\/\/www.aldoriababy.com\/wp-content\/uploads\/2024\/09\/7350077780224.jpg","type":"image\/jpeg"}],"twitter_card":"summary_large_image","twitter_misc":{"Estimated reading time":"2 minutes"},"schema":{"@context":"https:\/\/schema.org","@graph":[{"@type":"WebPage","@id":"https:\/\/www.aldoriababy.com\/produkt\/aldoria-bambu-soft-lavender\/","url":"https:\/\/www.aldoriababy.com\/produkt\/aldoria-bambu-soft-lavender\/","name":"Order Aldoria Bambu Soft - Baby wrap from Aldoria Baby","isPartOf":{"@id":"https:\/\/www.aldoriababy.com\/#website"},"primaryImageOfPage":{"@id":"https:\/\/www.aldoriababy.com\/produkt\/aldoria-bambu-soft-lavender\/#primaryimage"},"image":{"@id":"https:\/\/www.aldoriababy.com\/produkt\/aldoria-bambu-soft-lavender\/#primaryimage"},"thumbnailUrl":"https:\/\/www.aldoriababy.com\/wp-content\/uploads\/2024\/09\/7350077780224.jpg","datePublished":"2025-04-03T08:54:04+00:00","dateModified":"2026-04-20T10:07:36+00:00","description":"Aldoria Bambu Soft is a baby carrier in silky soft bamboo jersey, especially suitable for 0-6 months but can be used until the child is about 1 year old.","breadcrumb":{"@id":"https:\/\/www.aldoriababy.com\/produkt\/aldoria-bambu-soft-lavender\/#breadcrumb"},"inLanguage":"en-GB","potentialAction":[{"@type":"ReadAction","target":["https:\/\/www.aldoriababy.com\/produkt\/aldoria-bambu-soft-lavender\/"]}]},{"@type":"ImageObject","inLanguage":"en-GB","@id":"https:\/\/www.aldoriababy.com\/produkt\/aldoria-bambu-soft-lavender\/#primaryimage","url":"https:\/\/www.aldoriababy.com\/wp-content\/uploads\/2024\/09\/7350077780224.jpg","contentUrl":"https:\/\/www.aldoriababy.com\/wp-content\/uploads\/2024\/09\/7350077780224.jpg","width":1437,"height":2048},{"@type":"BreadcrumbList","@id":"https:\/\/www.aldoriababy.com\/produkt\/aldoria-bambu-soft-lavender\/#breadcrumb","itemListElement":[{"@type":"ListItem","position":1,"name":"Hem","item":"https:\/\/www.aldoriababy.com\/"},{"@type":"ListItem","position":2,"name":"Produkter","item":"https:\/\/www.aldoriababy.com\/shop\/"},{"@type":"ListItem","position":3,"name":"Aldoria Bambu Soft Lavender"}]},{"@type":"WebSite","@id":"https:\/\/www.aldoriababy.com\/#website","url":"https:\/\/www.aldoriababy.com\/","name":"Aldoria - organic baby slings","description":"Aldoria - organic baby slings","publisher":{"@id":"https:\/\/www.aldoriababy.com\/#organization"},"potentialAction":[{"@type":"SearchAction","target":{"@type":"EntryPoint","urlTemplate":"https:\/\/www.aldoriababy.com\/?s={search_term_string}"},"query-input":{"@type":"PropertyValueSpecification","valueRequired":true,"valueName":"search_term_string"}}],"inLanguage":"en-GB"},{"@type":"Organization","@id":"https:\/\/www.aldoriababy.com\/#organization","name":"Aldoria Baby","url":"https:\/\/www.aldoriababy.com\/","logo":{"@type":"ImageObject","inLanguage":"en-GB","@id":"https:\/\/www.aldoriababy.com\/#\/schema\/logo\/image\/","url":"https:\/\/www.aldoriababy.com\/wp-content\/uploads\/2021\/03\/aldoria-331x200-1.jpg","contentUrl":"https:\/\/www.aldoriababy.com\/wp-content\/uploads\/2021\/03\/aldoria-331x200-1.jpg","width":331,"height":200,"caption":"Aldoria Baby"},"image":{"@id":"https:\/\/www.aldoriababy.com\/#\/schema\/logo\/image\/"}}]}},"_links":{"self":[{"href":"https:\/\/www.aldoriababy.com\/en\/wp-json\/wp\/v2\/product\/1285","targetHints":{"allow":["GET"]}}],"collection":[{"href":"https:\/\/www.aldoriababy.com\/en\/wp-json\/wp\/v2\/product"}],"about":[{"href":"https:\/\/www.aldoriababy.com\/en\/wp-json\/wp\/v2\/types\/product"}],"replies":[{"embeddable":true,"href":"https:\/\/www.aldoriababy.com\/en\/wp-json\/wp\/v2\/comments?post=1285"}],"wp:featuredmedia":[{"embeddable":true,"href":"https:\/\/www.aldoriababy.com\/en\/wp-json\/wp\/v2\/media\/1012"}],"wp:attachment":[{"href":"https:\/\/www.aldoriababy.com\/en\/wp-json\/wp\/v2\/media?parent=1285"}],"wp:term":[{"taxonomy":"product_brand","embeddable":true,"href":"https:\/\/www.aldoriababy.com\/en\/wp-json\/wp\/v2\/product_brand?post=1285"},{"taxonomy":"product_cat","embeddable":true,"href":"https:\/\/www.aldoriababy.com\/en\/wp-json\/wp\/v2\/product_cat?post=1285"},{"taxonomy":"product_tag","embeddable":true,"href":"https:\/\/www.aldoriababy.com\/en\/wp-json\/wp\/v2\/product_tag?post=1285"}],"curies":[{"name":"wp","href":"https:\/\/api.w.org\/{rel}","templated":true}]}}