{"id":999,"date":"2023-10-19T10:15:56","date_gmt":"2023-10-19T08:15:56","guid":{"rendered":"https:\/\/www.aldoriababy.com\/?post_type=product&#038;p=999"},"modified":"2026-04-13T16:28:34","modified_gmt":"2026-04-13T14:28:34","slug":"aldoria-bambu-wrap","status":"publish","type":"product","link":"https:\/\/www.aldoriababy.com\/en\/produkt\/aldoria-bambu-wrap\/","title":{"rendered":"Aldoria Bambu Wrap"},"content":{"rendered":"<p>Aldoria's carrier shawl Bamboo Wrap is a jaquard woven shawl in bamboo\/cotton blend. The bamboo makes the shawl soft and supple and needs no breaking in before use. The shawl is easy to knot and the bamboo makes the shawl feel cooler for both the child and the wearer. The material is breathable and wicks moisture away from the body, and bamboo is naturally antibacterial, making it particularly suitable for baby and children's products. There are many ways to wear the shawl, both on the back, front and side, in our manual we show how to tie a wrapped cross (FWCC)<\/p>\n<p>However, it can be washed before first use.<\/p>\n<p>The shawl fits from newborn to 3-4 years<\/p>\n<p>The shawl is available in two lengths, 4.6m and 5.4m and is 55cm wide at the centre mark.<\/p>","protected":false},"excerpt":{"rendered":"<p>Aldorias b\u00e4rsjal Bambu Wrap \u00e4r en jaquard v\u00e4vd sjal i bambu\/bomulls blandning. Bambun g\u00f6r sjalen mjuk och smidig och beh\u00f6ver ingen inbrytning f\u00f6re anv\u00e4ndning. Sjalen \u00e4r l\u00e4ttknuten och bambun g\u00f6r att sjalen k\u00e4nns svalare f\u00f6r b\u00e5de barnet och den som b\u00e4r. Materialet andas och leder ut fukt fr\u00e5n kroppen samt att bambu \u00e4r naturligt antibakteriellt [&hellip;]<\/p>\n","protected":false},"featured_media":1000,"comment_status":"closed","ping_status":"closed","template":"","meta":[],"product_brand":[],"product_cat":[42],"product_tag":[],"class_list":{"0":"post-999","1":"product","2":"type-product","3":"status-publish","4":"has-post-thumbnail","6":"product_cat-barsjalar","8":"first","9":"instock","10":"sale","11":"taxable","12":"shipping-taxable","13":"purchasable","14":"product-type-variable"},"yoast_head":"<!-- This site is optimized with the Yoast SEO plugin v27.4 - https:\/\/yoast.com\/product\/yoast-seo-wordpress\/ -->\n<title>- Aldoria - ekologiska b\u00e4rsjalar<\/title>\n<meta name=\"description\" content=\"B\u00e4rsjalen bambu wrap \u00e4r en v\u00e4vd sjal som kan anv\u00e4ndas fr\u00e5n nyf\u00f6dd till fyra \u00e5r. Sjalen \u00e4r l\u00e4ttknuten i tv\u00e5 storlekar.\" \/>\n<meta name=\"robots\" content=\"index, follow, max-snippet:-1, max-image-preview:large, max-video-preview:-1\" \/>\n<link rel=\"canonical\" href=\"https:\/\/www.aldoriababy.com\/en\/product\/aldoria-bambu-wrap\/\" \/>\n<meta property=\"og:locale\" content=\"en_GB\" \/>\n<meta property=\"og:type\" content=\"article\" \/>\n<meta property=\"og:title\" content=\"- Aldoria - ekologiska b\u00e4rsjalar\" \/>\n<meta property=\"og:description\" content=\"B\u00e4rsjalen bambu wrap \u00e4r en v\u00e4vd sjal som kan anv\u00e4ndas fr\u00e5n nyf\u00f6dd till fyra \u00e5r. Sjalen \u00e4r l\u00e4ttknuten i tv\u00e5 storlekar.\" \/>\n<meta property=\"og:url\" content=\"https:\/\/www.aldoriababy.com\/en\/product\/aldoria-bambu-wrap\/\" \/>\n<meta property=\"og:site_name\" content=\"Aldoria - ekologiska b\u00e4rsjalar\" \/>\n<meta property=\"article:modified_time\" content=\"2026-04-13T14:28:34+00:00\" \/>\n<meta property=\"og:image\" content=\"https:\/\/www.aldoriababy.com\/wp-content\/uploads\/2023\/10\/17.1-scaled.jpg\" \/>\n\t<meta property=\"og:image:width\" content=\"1714\" \/>\n\t<meta property=\"og:image:height\" content=\"2560\" \/>\n\t<meta property=\"og:image:type\" content=\"image\/jpeg\" \/>\n<meta name=\"twitter:card\" content=\"summary_large_image\" \/>\n<meta name=\"twitter:label1\" content=\"Estimated reading time\" \/>\n\t<meta name=\"twitter:data1\" content=\"1 minute\" \/>\n<script type=\"application\/ld+json\" class=\"yoast-schema-graph\">{\"@context\":\"https:\\\/\\\/schema.org\",\"@graph\":[{\"@type\":\"WebPage\",\"@id\":\"https:\\\/\\\/www.aldoriababy.com\\\/produkt\\\/aldoria-bambu-wrap\\\/\",\"url\":\"https:\\\/\\\/www.aldoriababy.com\\\/produkt\\\/aldoria-bambu-wrap\\\/\",\"name\":\"- Aldoria - ekologiska b\u00e4rsjalar\",\"isPartOf\":{\"@id\":\"https:\\\/\\\/www.aldoriababy.com\\\/#website\"},\"primaryImageOfPage\":{\"@id\":\"https:\\\/\\\/www.aldoriababy.com\\\/produkt\\\/aldoria-bambu-wrap\\\/#primaryimage\"},\"image\":{\"@id\":\"https:\\\/\\\/www.aldoriababy.com\\\/produkt\\\/aldoria-bambu-wrap\\\/#primaryimage\"},\"thumbnailUrl\":\"https:\\\/\\\/www.aldoriababy.com\\\/wp-content\\\/uploads\\\/2023\\\/10\\\/17.1-scaled.jpg\",\"datePublished\":\"2023-10-19T08:15:56+00:00\",\"dateModified\":\"2026-04-13T14:28:34+00:00\",\"description\":\"B\u00e4rsjalen bambu wrap \u00e4r en v\u00e4vd sjal som kan anv\u00e4ndas fr\u00e5n nyf\u00f6dd till fyra \u00e5r. Sjalen \u00e4r l\u00e4ttknuten i tv\u00e5 storlekar.\",\"breadcrumb\":{\"@id\":\"https:\\\/\\\/www.aldoriababy.com\\\/produkt\\\/aldoria-bambu-wrap\\\/#breadcrumb\"},\"inLanguage\":\"en-GB\",\"potentialAction\":[{\"@type\":\"ReadAction\",\"target\":[\"https:\\\/\\\/www.aldoriababy.com\\\/produkt\\\/aldoria-bambu-wrap\\\/\"]}]},{\"@type\":\"ImageObject\",\"inLanguage\":\"en-GB\",\"@id\":\"https:\\\/\\\/www.aldoriababy.com\\\/produkt\\\/aldoria-bambu-wrap\\\/#primaryimage\",\"url\":\"https:\\\/\\\/www.aldoriababy.com\\\/wp-content\\\/uploads\\\/2023\\\/10\\\/17.1-scaled.jpg\",\"contentUrl\":\"https:\\\/\\\/www.aldoriababy.com\\\/wp-content\\\/uploads\\\/2023\\\/10\\\/17.1-scaled.jpg\",\"width\":1714,\"height\":2560},{\"@type\":\"BreadcrumbList\",\"@id\":\"https:\\\/\\\/www.aldoriababy.com\\\/produkt\\\/aldoria-bambu-wrap\\\/#breadcrumb\",\"itemListElement\":[{\"@type\":\"ListItem\",\"position\":1,\"name\":\"Hem\",\"item\":\"https:\\\/\\\/www.aldoriababy.com\\\/\"},{\"@type\":\"ListItem\",\"position\":2,\"name\":\"Produkter\",\"item\":\"https:\\\/\\\/www.aldoriababy.com\\\/shop\\\/\"},{\"@type\":\"ListItem\",\"position\":3,\"name\":\"Aldoria Bambu Wrap\"}]},{\"@type\":\"WebSite\",\"@id\":\"https:\\\/\\\/www.aldoriababy.com\\\/#website\",\"url\":\"https:\\\/\\\/www.aldoriababy.com\\\/\",\"name\":\"Aldoria - ekologiska b\u00e4rsjalar\",\"description\":\"Aldoria - ekologiska b\u00e4rsjalar\",\"publisher\":{\"@id\":\"https:\\\/\\\/www.aldoriababy.com\\\/#organization\"},\"potentialAction\":[{\"@type\":\"SearchAction\",\"target\":{\"@type\":\"EntryPoint\",\"urlTemplate\":\"https:\\\/\\\/www.aldoriababy.com\\\/?s={search_term_string}\"},\"query-input\":{\"@type\":\"PropertyValueSpecification\",\"valueRequired\":true,\"valueName\":\"search_term_string\"}}],\"inLanguage\":\"en-GB\"},{\"@type\":\"Organization\",\"@id\":\"https:\\\/\\\/www.aldoriababy.com\\\/#organization\",\"name\":\"Aldoria Baby\",\"url\":\"https:\\\/\\\/www.aldoriababy.com\\\/\",\"logo\":{\"@type\":\"ImageObject\",\"inLanguage\":\"en-GB\",\"@id\":\"https:\\\/\\\/www.aldoriababy.com\\\/#\\\/schema\\\/logo\\\/image\\\/\",\"url\":\"https:\\\/\\\/www.aldoriababy.com\\\/wp-content\\\/uploads\\\/2021\\\/03\\\/aldoria-331x200-1.jpg\",\"contentUrl\":\"https:\\\/\\\/www.aldoriababy.com\\\/wp-content\\\/uploads\\\/2021\\\/03\\\/aldoria-331x200-1.jpg\",\"width\":331,\"height\":200,\"caption\":\"Aldoria Baby\"},\"image\":{\"@id\":\"https:\\\/\\\/www.aldoriababy.com\\\/#\\\/schema\\\/logo\\\/image\\\/\"}}]}<\/script>\n<!-- \/ Yoast SEO plugin. -->","yoast_head_json":{"title":"- Aldoria - organic baby slings","description":"The bamboo wrap is a woven shawl that can be used from newborn to four years. The shawl is easily knotted in two sizes.","robots":{"index":"index","follow":"follow","max-snippet":"max-snippet:-1","max-image-preview":"max-image-preview:large","max-video-preview":"max-video-preview:-1"},"canonical":"https:\/\/www.aldoriababy.com\/en\/product\/aldoria-bambu-wrap\/","og_locale":"en_GB","og_type":"article","og_title":"- Aldoria - ekologiska b\u00e4rsjalar","og_description":"B\u00e4rsjalen bambu wrap \u00e4r en v\u00e4vd sjal som kan anv\u00e4ndas fr\u00e5n nyf\u00f6dd till fyra \u00e5r. Sjalen \u00e4r l\u00e4ttknuten i tv\u00e5 storlekar.","og_url":"https:\/\/www.aldoriababy.com\/en\/product\/aldoria-bambu-wrap\/","og_site_name":"Aldoria - ekologiska b\u00e4rsjalar","article_modified_time":"2026-04-13T14:28:34+00:00","og_image":[{"width":1714,"height":2560,"url":"https:\/\/www.aldoriababy.com\/wp-content\/uploads\/2023\/10\/17.1-scaled.jpg","type":"image\/jpeg"}],"twitter_card":"summary_large_image","twitter_misc":{"Estimated reading time":"1 minute"},"schema":{"@context":"https:\/\/schema.org","@graph":[{"@type":"WebPage","@id":"https:\/\/www.aldoriababy.com\/produkt\/aldoria-bambu-wrap\/","url":"https:\/\/www.aldoriababy.com\/produkt\/aldoria-bambu-wrap\/","name":"- Aldoria - organic baby slings","isPartOf":{"@id":"https:\/\/www.aldoriababy.com\/#website"},"primaryImageOfPage":{"@id":"https:\/\/www.aldoriababy.com\/produkt\/aldoria-bambu-wrap\/#primaryimage"},"image":{"@id":"https:\/\/www.aldoriababy.com\/produkt\/aldoria-bambu-wrap\/#primaryimage"},"thumbnailUrl":"https:\/\/www.aldoriababy.com\/wp-content\/uploads\/2023\/10\/17.1-scaled.jpg","datePublished":"2023-10-19T08:15:56+00:00","dateModified":"2026-04-13T14:28:34+00:00","description":"The bamboo wrap is a woven shawl that can be used from newborn to four years. The shawl is easily knotted in two sizes.","breadcrumb":{"@id":"https:\/\/www.aldoriababy.com\/produkt\/aldoria-bambu-wrap\/#breadcrumb"},"inLanguage":"en-GB","potentialAction":[{"@type":"ReadAction","target":["https:\/\/www.aldoriababy.com\/produkt\/aldoria-bambu-wrap\/"]}]},{"@type":"ImageObject","inLanguage":"en-GB","@id":"https:\/\/www.aldoriababy.com\/produkt\/aldoria-bambu-wrap\/#primaryimage","url":"https:\/\/www.aldoriababy.com\/wp-content\/uploads\/2023\/10\/17.1-scaled.jpg","contentUrl":"https:\/\/www.aldoriababy.com\/wp-content\/uploads\/2023\/10\/17.1-scaled.jpg","width":1714,"height":2560},{"@type":"BreadcrumbList","@id":"https:\/\/www.aldoriababy.com\/produkt\/aldoria-bambu-wrap\/#breadcrumb","itemListElement":[{"@type":"ListItem","position":1,"name":"Hem","item":"https:\/\/www.aldoriababy.com\/"},{"@type":"ListItem","position":2,"name":"Produkter","item":"https:\/\/www.aldoriababy.com\/shop\/"},{"@type":"ListItem","position":3,"name":"Aldoria Bambu Wrap"}]},{"@type":"WebSite","@id":"https:\/\/www.aldoriababy.com\/#website","url":"https:\/\/www.aldoriababy.com\/","name":"Aldoria - organic baby slings","description":"Aldoria - organic baby slings","publisher":{"@id":"https:\/\/www.aldoriababy.com\/#organization"},"potentialAction":[{"@type":"SearchAction","target":{"@type":"EntryPoint","urlTemplate":"https:\/\/www.aldoriababy.com\/?s={search_term_string}"},"query-input":{"@type":"PropertyValueSpecification","valueRequired":true,"valueName":"search_term_string"}}],"inLanguage":"en-GB"},{"@type":"Organization","@id":"https:\/\/www.aldoriababy.com\/#organization","name":"Aldoria Baby","url":"https:\/\/www.aldoriababy.com\/","logo":{"@type":"ImageObject","inLanguage":"en-GB","@id":"https:\/\/www.aldoriababy.com\/#\/schema\/logo\/image\/","url":"https:\/\/www.aldoriababy.com\/wp-content\/uploads\/2021\/03\/aldoria-331x200-1.jpg","contentUrl":"https:\/\/www.aldoriababy.com\/wp-content\/uploads\/2021\/03\/aldoria-331x200-1.jpg","width":331,"height":200,"caption":"Aldoria Baby"},"image":{"@id":"https:\/\/www.aldoriababy.com\/#\/schema\/logo\/image\/"}}]}},"_links":{"self":[{"href":"https:\/\/www.aldoriababy.com\/en\/wp-json\/wp\/v2\/product\/999","targetHints":{"allow":["GET"]}}],"collection":[{"href":"https:\/\/www.aldoriababy.com\/en\/wp-json\/wp\/v2\/product"}],"about":[{"href":"https:\/\/www.aldoriababy.com\/en\/wp-json\/wp\/v2\/types\/product"}],"replies":[{"embeddable":true,"href":"https:\/\/www.aldoriababy.com\/en\/wp-json\/wp\/v2\/comments?post=999"}],"wp:featuredmedia":[{"embeddable":true,"href":"https:\/\/www.aldoriababy.com\/en\/wp-json\/wp\/v2\/media\/1000"}],"wp:attachment":[{"href":"https:\/\/www.aldoriababy.com\/en\/wp-json\/wp\/v2\/media?parent=999"}],"wp:term":[{"taxonomy":"product_brand","embeddable":true,"href":"https:\/\/www.aldoriababy.com\/en\/wp-json\/wp\/v2\/product_brand?post=999"},{"taxonomy":"product_cat","embeddable":true,"href":"https:\/\/www.aldoriababy.com\/en\/wp-json\/wp\/v2\/product_cat?post=999"},{"taxonomy":"product_tag","embeddable":true,"href":"https:\/\/www.aldoriababy.com\/en\/wp-json\/wp\/v2\/product_tag?post=999"}],"curies":[{"name":"wp","href":"https:\/\/api.w.org\/{rel}","templated":true}]}}