{"id":1559,"date":"2026-01-22T13:12:13","date_gmt":"2026-01-22T12:12:13","guid":{"rendered":"https:\/\/www.aldoriababy.com\/?page_id=1559"},"modified":"2026-04-13T14:59:40","modified_gmt":"2026-04-13T12:59:40","slug":"sobre-los-textiles-de-bambu","status":"publish","type":"page","link":"https:\/\/www.aldoriababy.com\/es\/om-bambutextil\/","title":{"rendered":"Acerca de Bambutextil"},"content":{"rendered":"<div data-elementor-type=\"wp-page\" data-elementor-id=\"1559\" class=\"elementor elementor-1559\" data-elementor-post-type=\"page\">\n\t\t\t\t<div class=\"elementor-element elementor-element-a9aa537 e-con-full e-flex e-con e-parent\" data-id=\"a9aa537\" data-element_type=\"container\" data-e-type=\"container\" data-settings=\"{&quot;background_background&quot;:&quot;classic&quot;}\">\n\t\t<div class=\"elementor-element elementor-element-3021fba e-flex e-con-boxed e-con e-child\" data-id=\"3021fba\" data-element_type=\"container\" data-e-type=\"container\">\n\t\t\t\t\t<div class=\"e-con-inner\">\n\t\t\t\t<div class=\"elementor-element elementor-element-944580a elementor-widget elementor-widget-heading\" data-id=\"944580a\" data-element_type=\"widget\" data-e-type=\"widget\" data-widget_type=\"heading.default\">\n\t\t\t\t<div class=\"elementor-widget-container\">\n\t\t\t\t\t<h1 class=\"elementor-heading-title elementor-size-default\">Sobre los textiles de bamb\u00fa<\/h1>\t\t\t\t<\/div>\n\t\t\t\t<\/div>\n\t\t\t\t\t<\/div>\n\t\t\t\t<\/div>\n\t\t\t\t<\/div>\n\t\t<div class=\"elementor-element elementor-element-19070ace e-flex e-con-boxed e-con e-parent\" data-id=\"19070ace\" data-element_type=\"container\" data-e-type=\"container\">\n\t\t\t\t\t<div class=\"e-con-inner\">\n\t\t<div class=\"elementor-element elementor-element-7575b77 e-con-full e-flex e-con e-child\" data-id=\"7575b77\" data-element_type=\"container\" data-e-type=\"container\">\n\t\t\t\t<div class=\"elementor-element elementor-element-7bff0077 elementor-widget elementor-widget-text-editor\" data-id=\"7bff0077\" data-element_type=\"widget\" data-e-type=\"widget\" data-widget_type=\"text-editor.default\">\n\t\t\t\t<div class=\"elementor-widget-container\">\n\t\t\t\t\t\t\t\t\t<h2 data-start=\"173\" data-end=\"243\">Los beneficios del bamb\u00fa en los productos textiles para ni\u00f1os y madres recientes<\/h2>\t\t\t\t\t\t\t\t<\/div>\n\t\t\t\t<\/div>\n\t\t\t\t<div class=\"elementor-element elementor-element-df155bf elementor-widget elementor-widget-text-editor\" data-id=\"df155bf\" data-element_type=\"widget\" data-e-type=\"widget\" data-widget_type=\"text-editor.default\">\n\t\t\t\t<div class=\"elementor-widget-container\">\n\t\t\t\t\t\t\t\t\t<p data-start=\"245\" data-end=\"591\">Cada vez son m\u00e1s los padres y madres que eligen <strong data-start=\"297\" data-end=\"324\">bamb\u00fa en productos textiles<\/strong> - y no sin raz\u00f3n. El bamb\u00fa es un material natural, duradero y respetuoso con la piel, especialmente adecuado para la piel sensible de ni\u00f1os y adultos. En este art\u00edculo veremos por qu\u00e9 <strong data-start=\"521\" data-end=\"559\">textiles de bamb\u00fa para ni\u00f1os y mam\u00e1s<\/strong> es una elecci\u00f3n inteligente y saludable.<\/p>\t\t\t\t\t\t\t\t<\/div>\n\t\t\t\t<\/div>\n\t\t\t\t<\/div>\n\t\t\t\t<div class=\"elementor-element elementor-element-9ed8cdd elementor-widget elementor-widget-text-editor\" data-id=\"9ed8cdd\" data-element_type=\"widget\" data-e-type=\"widget\" data-widget_type=\"text-editor.default\">\n\t\t\t\t<div class=\"elementor-widget-container\">\n\t\t\t\t\t\t\t\t\t<h2 data-start=\"593\" data-end=\"616\">\u00bfQu\u00e9 es el textil de bamb\u00fa?<\/h2><p data-start=\"618\" data-end=\"874\">El tejido de bamb\u00fa se fabrica a partir de fibras de bamb\u00fa transformadas en un tejido suave y flexible. El resultado es un material que combina <strong data-start=\"745\" data-end=\"781\">comodidad, funcionalidad y durabilidad<\/strong>. Est\u00e1 especialmente indicado para productos como fulares, productos de lactancia o ropa interior.<\/p><h2 data-start=\"876\" data-end=\"904\">Suave con la piel sensible<\/h2><p data-start=\"906\" data-end=\"1158\">La piel de los beb\u00e9s y las mam\u00e1s suele ser especialmente sensible. <strong data-start=\"960\" data-end=\"996\">El bamb\u00fa es hipoalerg\u00e9nico por naturaleza<\/strong>, por lo que es ideal para personas con piel sensible, eccemas o alergias. El material es tan suave como la seda y reduce el riesgo de irritaciones, rojeces y picores.<\/p><p data-start=\"1160\" data-end=\"1303\">Para los beb\u00e9s, cuya piel es fina y delicada, el tejido de bamb\u00fa es una elecci\u00f3n segura, sobre todo en prendas cercanas a la piel, como bodys, pijamas y mantas.<\/p><h2 data-start=\"1305\" data-end=\"1349\">Naturalmente antibacteriano e higi\u00e9nico<\/h2><p data-start=\"1351\" data-end=\"1537\">Una de las principales ventajas del bamb\u00fa en los productos textiles es su <strong data-start=\"1415\" data-end=\"1455\">propiedades antibacterianas naturales<\/strong>. El bamb\u00fa contrarresta el crecimiento bacteriano y los malos olores, lo que es especialmente importante para:<\/p><ul data-start=\"1539\" data-end=\"1630\"><li data-start=\"1539\" data-end=\"1567\"><p data-start=\"1541\" data-end=\"1567\">Ropa de beb\u00e9 y pa\u00f1ales de tela<\/p><\/li><li data-start=\"1568\" data-end=\"1601\"><p data-start=\"1570\" data-end=\"1601\">Discos absorbentes y ropa de maternidad<\/p><\/li><li data-start=\"1602\" data-end=\"1630\"><p data-start=\"1604\" data-end=\"1630\">Toallas y ropa de cama<\/p><\/li><\/ul><p data-start=\"1632\" data-end=\"1745\">Esto contribuye a mejorar la higiene y a reducir la necesidad de lavados frecuentes, lo que tambi\u00e9n prolonga la vida \u00fatil de los tejidos.<\/p><h2 data-start=\"1747\" data-end=\"1797\">Excelente absorci\u00f3n de la humedad y control de la temperatura<\/h2><p data-start=\"1799\" data-end=\"1949\">Los tejidos de bamb\u00fa tienen una <strong data-start=\"1829\" data-end=\"1857\">capacidad de absorci\u00f3n de humedad<\/strong> - hasta 40 % m\u00e1s que el algod\u00f3n. Esto mantiene la piel seca y c\u00f3moda, incluso cuando se suda.<\/p><p data-start=\"1951\" data-end=\"2020\">El material es tambi\u00e9n <strong data-start=\"1971\" data-end=\"1995\">regulaci\u00f3n de la temperatura<\/strong>, lo que significa que:<\/p><ul data-start=\"2021\" data-end=\"2077\"><li data-start=\"2021\" data-end=\"2048\"><p data-start=\"2023\" data-end=\"2048\">Sensaci\u00f3n de frescor en verano<\/p><\/li><li data-start=\"2049\" data-end=\"2077\"><p data-start=\"2051\" data-end=\"2077\">Abrigarse en invierno<\/p><\/li><\/ul><p data-start=\"2079\" data-end=\"2217\">Para los ni\u00f1os que tienen dificultades para regular su temperatura corporal y para las nuevas mam\u00e1s que experimentan sudoraci\u00f3n hormonal, esto es un gran beneficio.<\/p><h2 data-start=\"2219\" data-end=\"2252\">Elecci\u00f3n ecol\u00f3gica y sostenible<\/h2><p data-start=\"2254\" data-end=\"2444\">El bamb\u00fa es una de las plantas de crecimiento m\u00e1s r\u00e1pido del mundo y no necesita ni pesticidas ni grandes cantidades de agua. Por lo tanto, el bamb\u00fa es una <strong data-start=\"2386\" data-end=\"2443\">opci\u00f3n m\u00e1s sostenible que muchos otros materiales textiles<\/strong>.<\/p><p data-start=\"2446\" data-end=\"2587\">Elegir el bamb\u00fa en los textiles infantiles y de maternidad no s\u00f3lo es bueno para el cuerpo, tambi\u00e9n es una elecci\u00f3n consciente para el medio ambiente y las generaciones futuras.<\/p><h2 data-start=\"2589\" data-end=\"2626\">Larga duraci\u00f3n y f\u00e1cil cuidado<\/h2><p data-start=\"2628\" data-end=\"2810\">A pesar de su suavidad, el tejido de bamb\u00fa es <strong data-start=\"2661\" data-end=\"2689\">duradero y dimensionalmente estable<\/strong>. Conserva su calidad lavado tras lavado, lo que resulta ideal para familias con ni\u00f1os en las que los textiles se utilizan y lavan con frecuencia.<\/p><p data-start=\"2812\" data-end=\"2830\">Adem\u00e1s, bamb\u00fa:<\/p><ul data-start=\"2831\" data-end=\"2927\"><li data-start=\"2831\" data-end=\"2850\"><p data-start=\"2833\" data-end=\"2850\">F\u00e1cil de lavar<\/p><\/li><li data-start=\"2851\" data-end=\"2887\"><p data-start=\"2853\" data-end=\"2887\">Resistente a los malos olores<\/p><\/li><li data-start=\"2888\" data-end=\"2927\"><p data-start=\"2890\" data-end=\"2927\">Respeta la piel y la lavadora<\/p><\/li><\/ul>\t\t\t\t\t\t\t\t<\/div>\n\t\t\t\t<\/div>\n\t\t\t\t\t<\/div>\n\t\t\t\t<\/div>\n\t\t\t\t<\/div>","protected":false},"excerpt":{"rendered":"<p>Om bambutextil F\u00f6rdelarna med bambu i textilprodukter f\u00f6r barn och nyblivna mammor Allt fler f\u00f6r\u00e4ldrar och nyblivna mammor v\u00e4ljer idag bambu i textilprodukter \u2013 och det \u00e4r inte utan anledning. Bambu \u00e4r ett naturligt, h\u00e5llbart och hudv\u00e4nligt material som passar s\u00e4rskilt bra f\u00f6r k\u00e4nslig hud hos b\u00e5de barn och vuxna. I den h\u00e4r artikeln g\u00e5r [&hellip;]<\/p>\n","protected":false},"author":3,"featured_media":0,"parent":0,"menu_order":0,"comment_status":"closed","ping_status":"closed","template":"","meta":{"footnotes":""},"class_list":["post-1559","page","type-page","status-publish","hentry"],"yoast_head":"<!-- This site is optimized with the Yoast SEO plugin v27.4 - https:\/\/yoast.com\/product\/yoast-seo-wordpress\/ -->\n<title>Aldoria - ekologiska b\u00e4rsjalar - Aldoria Baby<\/title>\n<meta name=\"robots\" content=\"index, follow, max-snippet:-1, max-image-preview:large, max-video-preview:-1\" \/>\n<link rel=\"canonical\" href=\"https:\/\/www.aldoriababy.com\/es\/sobre-los-textiles-de-bambu\/\" \/>\n<meta property=\"og:locale\" content=\"es_ES\" \/>\n<meta property=\"og:type\" content=\"article\" \/>\n<meta property=\"og:title\" content=\"Aldoria - ekologiska b\u00e4rsjalar - Aldoria Baby\" \/>\n<meta property=\"og:description\" content=\"Om bambutextil F\u00f6rdelarna med bambu i textilprodukter f\u00f6r barn och nyblivna mammor Allt fler f\u00f6r\u00e4ldrar och nyblivna mammor v\u00e4ljer idag bambu i textilprodukter \u2013 och det \u00e4r inte utan anledning. Bambu \u00e4r ett naturligt, h\u00e5llbart och hudv\u00e4nligt material som passar s\u00e4rskilt bra f\u00f6r k\u00e4nslig hud hos b\u00e5de barn och vuxna. I den h\u00e4r artikeln g\u00e5r [&hellip;]\" \/>\n<meta property=\"og:url\" content=\"https:\/\/www.aldoriababy.com\/es\/sobre-los-textiles-de-bambu\/\" \/>\n<meta property=\"og:site_name\" content=\"Aldoria - ekologiska b\u00e4rsjalar\" \/>\n<meta property=\"article:modified_time\" content=\"2026-04-13T12:59:40+00:00\" \/>\n<meta name=\"twitter:card\" content=\"summary_large_image\" \/>\n<meta name=\"twitter:label1\" content=\"Tiempo de lectura\" \/>\n\t<meta name=\"twitter:data1\" content=\"2 minutos\" \/>\n<script type=\"application\/ld+json\" class=\"yoast-schema-graph\">{\"@context\":\"https:\\\/\\\/schema.org\",\"@graph\":[{\"@type\":\"WebPage\",\"@id\":\"https:\\\/\\\/www.aldoriababy.com\\\/om-bambutextil\\\/\",\"url\":\"https:\\\/\\\/www.aldoriababy.com\\\/om-bambutextil\\\/\",\"name\":\"Aldoria - ekologiska b\u00e4rsjalar - Aldoria Baby\",\"isPartOf\":{\"@id\":\"https:\\\/\\\/www.aldoriababy.com\\\/#website\"},\"datePublished\":\"2026-01-22T12:12:13+00:00\",\"dateModified\":\"2026-04-13T12:59:40+00:00\",\"breadcrumb\":{\"@id\":\"https:\\\/\\\/www.aldoriababy.com\\\/om-bambutextil\\\/#breadcrumb\"},\"inLanguage\":\"es\",\"potentialAction\":[{\"@type\":\"ReadAction\",\"target\":[\"https:\\\/\\\/www.aldoriababy.com\\\/om-bambutextil\\\/\"]}]},{\"@type\":\"BreadcrumbList\",\"@id\":\"https:\\\/\\\/www.aldoriababy.com\\\/om-bambutextil\\\/#breadcrumb\",\"itemListElement\":[{\"@type\":\"ListItem\",\"position\":1,\"name\":\"Hem\",\"item\":\"https:\\\/\\\/www.aldoriababy.com\\\/\"},{\"@type\":\"ListItem\",\"position\":2,\"name\":\"Om Bambutextil\"}]},{\"@type\":\"WebSite\",\"@id\":\"https:\\\/\\\/www.aldoriababy.com\\\/#website\",\"url\":\"https:\\\/\\\/www.aldoriababy.com\\\/\",\"name\":\"Aldoria - ekologiska b\u00e4rsjalar\",\"description\":\"Aldoria - ekologiska b\u00e4rsjalar\",\"publisher\":{\"@id\":\"https:\\\/\\\/www.aldoriababy.com\\\/#organization\"},\"potentialAction\":[{\"@type\":\"SearchAction\",\"target\":{\"@type\":\"EntryPoint\",\"urlTemplate\":\"https:\\\/\\\/www.aldoriababy.com\\\/?s={search_term_string}\"},\"query-input\":{\"@type\":\"PropertyValueSpecification\",\"valueRequired\":true,\"valueName\":\"search_term_string\"}}],\"inLanguage\":\"es\"},{\"@type\":\"Organization\",\"@id\":\"https:\\\/\\\/www.aldoriababy.com\\\/#organization\",\"name\":\"Aldoria Baby\",\"url\":\"https:\\\/\\\/www.aldoriababy.com\\\/\",\"logo\":{\"@type\":\"ImageObject\",\"inLanguage\":\"es\",\"@id\":\"https:\\\/\\\/www.aldoriababy.com\\\/#\\\/schema\\\/logo\\\/image\\\/\",\"url\":\"https:\\\/\\\/www.aldoriababy.com\\\/wp-content\\\/uploads\\\/2021\\\/03\\\/aldoria-331x200-1.jpg\",\"contentUrl\":\"https:\\\/\\\/www.aldoriababy.com\\\/wp-content\\\/uploads\\\/2021\\\/03\\\/aldoria-331x200-1.jpg\",\"width\":331,\"height\":200,\"caption\":\"Aldoria Baby\"},\"image\":{\"@id\":\"https:\\\/\\\/www.aldoriababy.com\\\/#\\\/schema\\\/logo\\\/image\\\/\"}}]}<\/script>\n<!-- \/ Yoast SEO plugin. -->","yoast_head_json":{"title":"Aldoria - fulares portabeb\u00e9s ecol\u00f3gicos - Aldoria Baby","robots":{"index":"index","follow":"follow","max-snippet":"max-snippet:-1","max-image-preview":"max-image-preview:large","max-video-preview":"max-video-preview:-1"},"canonical":"https:\/\/www.aldoriababy.com\/es\/sobre-los-textiles-de-bambu\/","og_locale":"es_ES","og_type":"article","og_title":"Aldoria - ekologiska b\u00e4rsjalar - Aldoria Baby","og_description":"Om bambutextil F\u00f6rdelarna med bambu i textilprodukter f\u00f6r barn och nyblivna mammor Allt fler f\u00f6r\u00e4ldrar och nyblivna mammor v\u00e4ljer idag bambu i textilprodukter \u2013 och det \u00e4r inte utan anledning. Bambu \u00e4r ett naturligt, h\u00e5llbart och hudv\u00e4nligt material som passar s\u00e4rskilt bra f\u00f6r k\u00e4nslig hud hos b\u00e5de barn och vuxna. I den h\u00e4r artikeln g\u00e5r [&hellip;]","og_url":"https:\/\/www.aldoriababy.com\/es\/sobre-los-textiles-de-bambu\/","og_site_name":"Aldoria - ekologiska b\u00e4rsjalar","article_modified_time":"2026-04-13T12:59:40+00:00","twitter_card":"summary_large_image","twitter_misc":{"Tiempo de lectura":"2 minutos"},"schema":{"@context":"https:\/\/schema.org","@graph":[{"@type":"WebPage","@id":"https:\/\/www.aldoriababy.com\/om-bambutextil\/","url":"https:\/\/www.aldoriababy.com\/om-bambutextil\/","name":"Aldoria - fulares portabeb\u00e9s ecol\u00f3gicos - Aldoria Baby","isPartOf":{"@id":"https:\/\/www.aldoriababy.com\/#website"},"datePublished":"2026-01-22T12:12:13+00:00","dateModified":"2026-04-13T12:59:40+00:00","breadcrumb":{"@id":"https:\/\/www.aldoriababy.com\/om-bambutextil\/#breadcrumb"},"inLanguage":"es","potentialAction":[{"@type":"ReadAction","target":["https:\/\/www.aldoriababy.com\/om-bambutextil\/"]}]},{"@type":"BreadcrumbList","@id":"https:\/\/www.aldoriababy.com\/om-bambutextil\/#breadcrumb","itemListElement":[{"@type":"ListItem","position":1,"name":"Hem","item":"https:\/\/www.aldoriababy.com\/"},{"@type":"ListItem","position":2,"name":"Om Bambutextil"}]},{"@type":"WebSite","@id":"https:\/\/www.aldoriababy.com\/#website","url":"https:\/\/www.aldoriababy.com\/","name":"Aldoria - fulares portabeb\u00e9s ecol\u00f3gicos","description":"Aldoria - fulares portabeb\u00e9s ecol\u00f3gicos","publisher":{"@id":"https:\/\/www.aldoriababy.com\/#organization"},"potentialAction":[{"@type":"SearchAction","target":{"@type":"EntryPoint","urlTemplate":"https:\/\/www.aldoriababy.com\/?s={search_term_string}"},"query-input":{"@type":"PropertyValueSpecification","valueRequired":true,"valueName":"search_term_string"}}],"inLanguage":"es"},{"@type":"Organization","@id":"https:\/\/www.aldoriababy.com\/#organization","name":"Aldoria Beb\u00e9","url":"https:\/\/www.aldoriababy.com\/","logo":{"@type":"ImageObject","inLanguage":"es","@id":"https:\/\/www.aldoriababy.com\/#\/schema\/logo\/image\/","url":"https:\/\/www.aldoriababy.com\/wp-content\/uploads\/2021\/03\/aldoria-331x200-1.jpg","contentUrl":"https:\/\/www.aldoriababy.com\/wp-content\/uploads\/2021\/03\/aldoria-331x200-1.jpg","width":331,"height":200,"caption":"Aldoria Baby"},"image":{"@id":"https:\/\/www.aldoriababy.com\/#\/schema\/logo\/image\/"}}]}},"_links":{"self":[{"href":"https:\/\/www.aldoriababy.com\/es\/wp-json\/wp\/v2\/pages\/1559","targetHints":{"allow":["GET"]}}],"collection":[{"href":"https:\/\/www.aldoriababy.com\/es\/wp-json\/wp\/v2\/pages"}],"about":[{"href":"https:\/\/www.aldoriababy.com\/es\/wp-json\/wp\/v2\/types\/page"}],"author":[{"embeddable":true,"href":"https:\/\/www.aldoriababy.com\/es\/wp-json\/wp\/v2\/users\/3"}],"replies":[{"embeddable":true,"href":"https:\/\/www.aldoriababy.com\/es\/wp-json\/wp\/v2\/comments?post=1559"}],"version-history":[{"count":13,"href":"https:\/\/www.aldoriababy.com\/es\/wp-json\/wp\/v2\/pages\/1559\/revisions"}],"predecessor-version":[{"id":1976,"href":"https:\/\/www.aldoriababy.com\/es\/wp-json\/wp\/v2\/pages\/1559\/revisions\/1976"}],"wp:attachment":[{"href":"https:\/\/www.aldoriababy.com\/es\/wp-json\/wp\/v2\/media?parent=1559"}],"curies":[{"name":"wp","href":"https:\/\/api.w.org\/{rel}","templated":true}]}}