{"id":495,"date":"2020-07-07T14:04:26","date_gmt":"2020-07-07T14:04:26","guid":{"rendered":"https:\/\/bridge380.qodeinteractive.com\/my-account\/"},"modified":"2026-04-10T14:47:45","modified_gmt":"2026-04-10T12:47:45","slug":"cuenta","status":"publish","type":"page","link":"https:\/\/www.aldoriababy.com\/es\/my-account\/","title":{"rendered":"Mis p\u00e1ginas"},"content":{"rendered":"<div data-elementor-type=\"wp-page\" data-elementor-id=\"495\" class=\"elementor elementor-495\" data-elementor-post-type=\"page\">\n\t\t\t\t<div class=\"elementor-element elementor-element-69ef2530 e-flex e-con-boxed e-con e-parent\" data-id=\"69ef2530\" data-element_type=\"container\" data-e-type=\"container\">\n\t\t\t\t\t<div class=\"e-con-inner\">\n\t\t\t\t<div class=\"elementor-element elementor-element-2db6eed elementor-widget elementor-widget-heading\" data-id=\"2db6eed\" data-element_type=\"widget\" data-e-type=\"widget\" data-widget_type=\"heading.default\">\n\t\t\t\t<div class=\"elementor-widget-container\">\n\t\t\t\t\t<h1 class=\"elementor-heading-title elementor-size-default\">Mis p\u00e1ginas<\/h1>\t\t\t\t<\/div>\n\t\t\t\t<\/div>\n\t\t\t\t<div class=\"elementor-element elementor-element-9b61b89 e-my-account-tabs-vertical elementor-widget elementor-widget-woocommerce-my-account\" data-id=\"9b61b89\" data-element_type=\"widget\" data-e-type=\"widget\" data-widget_type=\"woocommerce-my-account.default\">\n\t\t\t\t<div class=\"elementor-widget-container\">\n\t\t\t\t\t<div class=\"e-my-account-tab e-my-account-tab__\">\t\t\t<div class=\"woocommerce\"><\/div>\t\t<\/div>\n\t\t\t\t\t\t<\/div>\n\t\t\t\t<\/div>\n\t\t\t\t\t<\/div>\n\t\t\t\t<\/div>\n\t\t\t\t<\/div>","protected":false},"excerpt":{"rendered":"<p>Mis p\u00e1ginas Panel de administraci\u00f3n Pedidos Descargas Direcciones M\u00e9todos de pago Detalles de cuenta Cerrar sesi\u00f3n Hola amiehling (\u00bfno eres amiehling? Cierra sesi\u00f3n) Desde el panel de tu cuenta puedes ver tus pedidos recientes, gestionar tus direcciones de entrega y facturaci\u00f3n, y editar tu contrase\u00f1a y los detalles de tu cuenta.<\/p>","protected":false},"author":3,"featured_media":0,"parent":0,"menu_order":0,"comment_status":"closed","ping_status":"closed","template":"","meta":{"footnotes":""},"class_list":["post-495","page","type-page","status-publish","hentry"],"yoast_head":"<!-- This site is optimized with the Yoast SEO plugin v27.4 - https:\/\/yoast.com\/product\/yoast-seo-wordpress\/ -->\n<title>Aldoria - ekologiska b\u00e4rsjalar - Aldoria Baby<\/title>\n<meta name=\"robots\" content=\"index, follow, max-snippet:-1, max-image-preview:large, max-video-preview:-1\" \/>\n<link rel=\"canonical\" href=\"https:\/\/www.aldoriababy.com\/es\/cuenta\/\" \/>\n<meta property=\"og:locale\" content=\"es_ES\" \/>\n<meta property=\"og:type\" content=\"article\" \/>\n<meta property=\"og:title\" content=\"Aldoria - ekologiska b\u00e4rsjalar - Aldoria Baby\" \/>\n<meta property=\"og:description\" content=\"Mina sidor Adminpanel Best\u00e4llningar Nedladdningar Adresser Betalningsmetoder Kontouppgifter Logga ut Hej amiehling (inte amiehling? Logga ut) Fr\u00e5n din kontopanel kan du se dina senaste best\u00e4llningar, hantera dina leverans- och faktureringsadresser samt redigera ditt l\u00f6senord och kontouppgifter.\" \/>\n<meta property=\"og:url\" content=\"https:\/\/www.aldoriababy.com\/es\/cuenta\/\" \/>\n<meta property=\"og:site_name\" content=\"Aldoria - ekologiska b\u00e4rsjalar\" \/>\n<meta property=\"article:modified_time\" content=\"2026-04-10T12:47:45+00:00\" \/>\n<meta name=\"twitter:card\" content=\"summary_large_image\" \/>\n<meta name=\"twitter:label1\" content=\"Tiempo de lectura\" \/>\n\t<meta name=\"twitter:data1\" content=\"1 minuto\" \/>\n<script type=\"application\/ld+json\" class=\"yoast-schema-graph\">{\"@context\":\"https:\\\/\\\/schema.org\",\"@graph\":[{\"@type\":\"WebPage\",\"@id\":\"https:\\\/\\\/www.aldoriababy.com\\\/my-account\\\/\",\"url\":\"https:\\\/\\\/www.aldoriababy.com\\\/my-account\\\/\",\"name\":\"Aldoria - ekologiska b\u00e4rsjalar - Aldoria Baby\",\"isPartOf\":{\"@id\":\"https:\\\/\\\/www.aldoriababy.com\\\/#website\"},\"datePublished\":\"2020-07-07T14:04:26+00:00\",\"dateModified\":\"2026-04-10T12:47:45+00:00\",\"breadcrumb\":{\"@id\":\"https:\\\/\\\/www.aldoriababy.com\\\/my-account\\\/#breadcrumb\"},\"inLanguage\":\"es\",\"potentialAction\":[{\"@type\":\"ReadAction\",\"target\":[\"https:\\\/\\\/www.aldoriababy.com\\\/my-account\\\/\"]}]},{\"@type\":\"BreadcrumbList\",\"@id\":\"https:\\\/\\\/www.aldoriababy.com\\\/my-account\\\/#breadcrumb\",\"itemListElement\":[{\"@type\":\"ListItem\",\"position\":1,\"name\":\"Hem\",\"item\":\"https:\\\/\\\/www.aldoriababy.com\\\/\"},{\"@type\":\"ListItem\",\"position\":2,\"name\":\"Mina sidor\"}]},{\"@type\":\"WebSite\",\"@id\":\"https:\\\/\\\/www.aldoriababy.com\\\/#website\",\"url\":\"https:\\\/\\\/www.aldoriababy.com\\\/\",\"name\":\"Aldoria - ekologiska b\u00e4rsjalar\",\"description\":\"Aldoria - ekologiska b\u00e4rsjalar\",\"publisher\":{\"@id\":\"https:\\\/\\\/www.aldoriababy.com\\\/#organization\"},\"potentialAction\":[{\"@type\":\"SearchAction\",\"target\":{\"@type\":\"EntryPoint\",\"urlTemplate\":\"https:\\\/\\\/www.aldoriababy.com\\\/?s={search_term_string}\"},\"query-input\":{\"@type\":\"PropertyValueSpecification\",\"valueRequired\":true,\"valueName\":\"search_term_string\"}}],\"inLanguage\":\"es\"},{\"@type\":\"Organization\",\"@id\":\"https:\\\/\\\/www.aldoriababy.com\\\/#organization\",\"name\":\"Aldoria Baby\",\"url\":\"https:\\\/\\\/www.aldoriababy.com\\\/\",\"logo\":{\"@type\":\"ImageObject\",\"inLanguage\":\"es\",\"@id\":\"https:\\\/\\\/www.aldoriababy.com\\\/#\\\/schema\\\/logo\\\/image\\\/\",\"url\":\"https:\\\/\\\/www.aldoriababy.com\\\/wp-content\\\/uploads\\\/2021\\\/03\\\/aldoria-331x200-1.jpg\",\"contentUrl\":\"https:\\\/\\\/www.aldoriababy.com\\\/wp-content\\\/uploads\\\/2021\\\/03\\\/aldoria-331x200-1.jpg\",\"width\":331,\"height\":200,\"caption\":\"Aldoria Baby\"},\"image\":{\"@id\":\"https:\\\/\\\/www.aldoriababy.com\\\/#\\\/schema\\\/logo\\\/image\\\/\"}}]}<\/script>\n<!-- \/ Yoast SEO plugin. -->","yoast_head_json":{"title":"Aldoria - fulares portabeb\u00e9s ecol\u00f3gicos - Aldoria Baby","robots":{"index":"index","follow":"follow","max-snippet":"max-snippet:-1","max-image-preview":"max-image-preview:large","max-video-preview":"max-video-preview:-1"},"canonical":"https:\/\/www.aldoriababy.com\/es\/cuenta\/","og_locale":"es_ES","og_type":"article","og_title":"Aldoria - ekologiska b\u00e4rsjalar - Aldoria Baby","og_description":"Mina sidor Adminpanel Best\u00e4llningar Nedladdningar Adresser Betalningsmetoder Kontouppgifter Logga ut Hej amiehling (inte amiehling? Logga ut) Fr\u00e5n din kontopanel kan du se dina senaste best\u00e4llningar, hantera dina leverans- och faktureringsadresser samt redigera ditt l\u00f6senord och kontouppgifter.","og_url":"https:\/\/www.aldoriababy.com\/es\/cuenta\/","og_site_name":"Aldoria - ekologiska b\u00e4rsjalar","article_modified_time":"2026-04-10T12:47:45+00:00","twitter_card":"summary_large_image","twitter_misc":{"Tiempo de lectura":"1 minuto"},"schema":{"@context":"https:\/\/schema.org","@graph":[{"@type":"WebPage","@id":"https:\/\/www.aldoriababy.com\/my-account\/","url":"https:\/\/www.aldoriababy.com\/my-account\/","name":"Aldoria - fulares portabeb\u00e9s ecol\u00f3gicos - Aldoria Baby","isPartOf":{"@id":"https:\/\/www.aldoriababy.com\/#website"},"datePublished":"2020-07-07T14:04:26+00:00","dateModified":"2026-04-10T12:47:45+00:00","breadcrumb":{"@id":"https:\/\/www.aldoriababy.com\/my-account\/#breadcrumb"},"inLanguage":"es","potentialAction":[{"@type":"ReadAction","target":["https:\/\/www.aldoriababy.com\/my-account\/"]}]},{"@type":"BreadcrumbList","@id":"https:\/\/www.aldoriababy.com\/my-account\/#breadcrumb","itemListElement":[{"@type":"ListItem","position":1,"name":"Hem","item":"https:\/\/www.aldoriababy.com\/"},{"@type":"ListItem","position":2,"name":"Mina sidor"}]},{"@type":"WebSite","@id":"https:\/\/www.aldoriababy.com\/#website","url":"https:\/\/www.aldoriababy.com\/","name":"Aldoria - fulares portabeb\u00e9s ecol\u00f3gicos","description":"Aldoria - fulares portabeb\u00e9s ecol\u00f3gicos","publisher":{"@id":"https:\/\/www.aldoriababy.com\/#organization"},"potentialAction":[{"@type":"SearchAction","target":{"@type":"EntryPoint","urlTemplate":"https:\/\/www.aldoriababy.com\/?s={search_term_string}"},"query-input":{"@type":"PropertyValueSpecification","valueRequired":true,"valueName":"search_term_string"}}],"inLanguage":"es"},{"@type":"Organization","@id":"https:\/\/www.aldoriababy.com\/#organization","name":"Aldoria Beb\u00e9","url":"https:\/\/www.aldoriababy.com\/","logo":{"@type":"ImageObject","inLanguage":"es","@id":"https:\/\/www.aldoriababy.com\/#\/schema\/logo\/image\/","url":"https:\/\/www.aldoriababy.com\/wp-content\/uploads\/2021\/03\/aldoria-331x200-1.jpg","contentUrl":"https:\/\/www.aldoriababy.com\/wp-content\/uploads\/2021\/03\/aldoria-331x200-1.jpg","width":331,"height":200,"caption":"Aldoria Baby"},"image":{"@id":"https:\/\/www.aldoriababy.com\/#\/schema\/logo\/image\/"}}]}},"_links":{"self":[{"href":"https:\/\/www.aldoriababy.com\/es\/wp-json\/wp\/v2\/pages\/495","targetHints":{"allow":["GET"]}}],"collection":[{"href":"https:\/\/www.aldoriababy.com\/es\/wp-json\/wp\/v2\/pages"}],"about":[{"href":"https:\/\/www.aldoriababy.com\/es\/wp-json\/wp\/v2\/types\/page"}],"author":[{"embeddable":true,"href":"https:\/\/www.aldoriababy.com\/es\/wp-json\/wp\/v2\/users\/3"}],"replies":[{"embeddable":true,"href":"https:\/\/www.aldoriababy.com\/es\/wp-json\/wp\/v2\/comments?post=495"}],"version-history":[{"count":8,"href":"https:\/\/www.aldoriababy.com\/es\/wp-json\/wp\/v2\/pages\/495\/revisions"}],"predecessor-version":[{"id":1857,"href":"https:\/\/www.aldoriababy.com\/es\/wp-json\/wp\/v2\/pages\/495\/revisions\/1857"}],"wp:attachment":[{"href":"https:\/\/www.aldoriababy.com\/es\/wp-json\/wp\/v2\/media?parent=495"}],"curies":[{"name":"wp","href":"https:\/\/api.w.org\/{rel}","templated":true}]}}