{"id":1365,"date":"2025-07-11T11:02:57","date_gmt":"2025-07-11T09:02:57","guid":{"rendered":"https:\/\/www.aldoriababy.com\/?post_type=product&#038;p=1365"},"modified":"2026-04-25T06:58:03","modified_gmt":"2026-04-25T04:58:03","slug":"aldoria-bamboo-gris-suave","status":"publish","type":"product","link":"https:\/\/www.aldoriababy.com\/es\/produkt\/aldoria-bambu-soft-grey\/","title":{"rendered":"Aldoria Bambu Soft Gris"},"content":{"rendered":"<p data-start=\"161\" data-end=\"234\"><strong data-start=\"161\" data-end=\"234\">Aldoria Bambu Soft - fular portabeb\u00e9s sedoso para llevar al beb\u00e9 de forma segura y cercana<\/strong><\/p>\n<p data-start=\"236\" data-end=\"603\">El Aldoria Bambu Soft es un suave y flexible fular portabeb\u00e9s confeccionado con un exclusivo tejido de punto de bamb\u00fa que te proporciona a ti y a tu beb\u00e9 una experiencia c\u00f3moda y segura. Su tacto sedoso hace que el fular resulte muy c\u00f3modo para la delicada piel del beb\u00e9, a la vez que crea un abrazo seguro que recuerda el tiempo que pas\u00f3 en el vientre materno. Es perfecto para reci\u00e9n nacidos de 0 a 6 meses, pero puede utilizarse hasta el a\u00f1o de edad aproximadamente. Adem\u00e1s, el Aldoria Bambu Soft es el\u00e1stico en un solo sentido, lo que significa que el chal se estira a lo ancho pero no especialmente a lo largo.<\/p>\n<p data-start=\"605\" data-end=\"903\">Llevar a tu beb\u00e9 en un fular fomenta la cercan\u00eda, la seguridad y el v\u00ednculo afectivo. El Aldoria Bambu Soft acerca a tu beb\u00e9 a tu cuerpo, sintiendo tu calor, oyendo los latidos de tu coraz\u00f3n y obteniendo una calmante sensaci\u00f3n de movimiento, lo que a menudo contribuye a que llore menos y duerma mejor. Al mismo tiempo, te libera las manos en la vida cotidiana.<\/p>\n<p data-start=\"905\" data-end=\"1286\">El bamb\u00fa es un material natural con propiedades \u00fanicas que lo hacen especialmente adecuado para productos para beb\u00e9s. La fibra es antibacteriana por naturaleza, transpira bien y tiene propiedades termorreguladoras.  El chal calienta cuando hace fresco y refresca cuando hace calor, por lo que es ideal durante todo el a\u00f1o. Esto hace que el chal sea especialmente apreciado durante los d\u00edas m\u00e1s calurosos del verano. Entonces no da la sensaci\u00f3n de encerrarse ni de calentarse demasiado.<\/p>\n<h4 data-start=\"905\" data-end=\"1286\">Lleva a tu hijo de forma segura en el portabeb\u00e9s:<\/h4>\n<p data-start=\"1288\" data-end=\"1614\">El arn\u00e9s es f\u00e1cil de atar y en el paquete se incluyen instrucciones claras para varias t\u00e9cnicas de atado diferentes, por lo que lo aprecian tanto los principiantes como los usuarios m\u00e1s experimentados. Aseg\u00farese de leer el c\u00edrculo de seguridad para un transporte seguro, como por ejemplo asegurarse de que las v\u00edas respiratorias est\u00e1n despejadas. Con un peso de s\u00f3lo 560 gramos, el Aldoria Bambu Soft es f\u00e1cil de plegar y de llevar en el bolso cambiador del beb\u00e9, listo para el uso diario y las salidas.<\/p>\n<h4 data-start=\"1616\" data-end=\"1660\"><strong data-start=\"1616\" data-end=\"1660\">Ventajas de la eslinga Aldoria Bambu Soft:<\/strong><\/h4>\n<ul data-start=\"1661\" data-end=\"1922\">\n<li data-start=\"1661\" data-end=\"1712\">\n<p data-start=\"1663\" data-end=\"1712\">Jersey de bamb\u00fa suave como la seda, respetuoso con la piel del beb\u00e9<\/p>\n<\/li>\n<li data-start=\"1713\" data-end=\"1756\">\n<p data-start=\"1715\" data-end=\"1756\">Fomenta la proximidad, la seguridad y el apego<\/p>\n<\/li>\n<li data-start=\"1757\" data-end=\"1809\">\n<p data-start=\"1759\" data-end=\"1809\">Material termorregulador y antibacteriano<\/p>\n<\/li>\n<li data-start=\"1810\" data-end=\"1854\">\n<p data-start=\"1812\" data-end=\"1854\">F\u00e1cil de atar con instrucciones incluidas<\/p>\n<\/li>\n<li data-start=\"1855\" data-end=\"1891\">\n<p data-start=\"1857\" data-end=\"1891\">Ideal para reci\u00e9n nacidos y ni\u00f1os peque\u00f1os<\/p>\n<\/li>\n<li data-start=\"1892\" data-end=\"1922\">\n<p data-start=\"1894\" data-end=\"1922\">Flexible y f\u00e1cil de transportar<\/p>\n<\/li>\n<\/ul>","protected":false},"excerpt":{"rendered":"<p><span class=\"s1\">Aldoria Bambu Soft es un portabeb\u00e9s de punto de bamb\u00fa suave y sedoso, especialmente indicado para 0-6 meses, pero puede utilizarse hasta que el ni\u00f1o tenga aproximadamente 1 a\u00f1o.<\/span><\/p>","protected":false},"featured_media":973,"comment_status":"open","ping_status":"closed","template":"","meta":[],"product_brand":[],"product_cat":[42],"product_tag":[],"class_list":{"0":"post-1365","1":"product","2":"type-product","3":"status-publish","4":"has-post-thumbnail","6":"product_cat-barsjalar","8":"first","9":"instock","10":"sale","11":"featured","12":"taxable","13":"shipping-taxable","14":"purchasable","15":"product-type-simple"},"yoast_head":"<!-- This site is optimized with the Yoast SEO plugin v27.4 - https:\/\/yoast.com\/product\/yoast-seo-wordpress\/ -->\n<title>Best\u00e4ll Aldoria Bambu Soft - B\u00e4rsjal fr\u00e5n Aldoria Baby<\/title>\n<meta name=\"description\" content=\"Aldoria Bambu Soft \u00e4r en b\u00e4rsjal i silkesmjuk bambutrik\u00e5, s\u00e4rskilt l\u00e4mplig f\u00f6r 0-6 m\u00e5nader men kan anv\u00e4ndas tills barnet blir ca 1 \u00e5r.\" \/>\n<meta name=\"robots\" content=\"index, follow, max-snippet:-1, max-image-preview:large, max-video-preview:-1\" \/>\n<link rel=\"canonical\" href=\"https:\/\/www.aldoriababy.com\/es\/producto\/aldoria-bamboo-gris-suave\/\" \/>\n<meta property=\"og:locale\" content=\"es_ES\" \/>\n<meta property=\"og:type\" content=\"article\" \/>\n<meta property=\"og:title\" content=\"Best\u00e4ll Aldoria Bambu Soft - B\u00e4rsjal fr\u00e5n Aldoria Baby\" \/>\n<meta property=\"og:description\" content=\"Aldoria Bambu Soft \u00e4r en b\u00e4rsjal i silkesmjuk bambutrik\u00e5, s\u00e4rskilt l\u00e4mplig f\u00f6r 0-6 m\u00e5nader men kan anv\u00e4ndas tills barnet blir ca 1 \u00e5r.\" \/>\n<meta property=\"og:url\" content=\"https:\/\/www.aldoriababy.com\/es\/producto\/aldoria-bamboo-gris-suave\/\" \/>\n<meta property=\"og:site_name\" content=\"Aldoria - ekologiska b\u00e4rsjalar\" \/>\n<meta property=\"article:modified_time\" content=\"2026-04-25T04:58:03+00:00\" \/>\n<meta property=\"og:image\" content=\"https:\/\/www.aldoriababy.com\/wp-content\/uploads\/2021\/03\/grey.jpg\" \/>\n\t<meta property=\"og:image:width\" content=\"1437\" \/>\n\t<meta property=\"og:image:height\" content=\"2048\" \/>\n\t<meta property=\"og:image:type\" content=\"image\/jpeg\" \/>\n<meta name=\"twitter:card\" content=\"summary_large_image\" \/>\n<meta name=\"twitter:label1\" content=\"Tiempo de lectura\" \/>\n\t<meta name=\"twitter:data1\" content=\"2 minutos\" \/>\n<script type=\"application\/ld+json\" class=\"yoast-schema-graph\">{\"@context\":\"https:\\\/\\\/schema.org\",\"@graph\":[{\"@type\":\"WebPage\",\"@id\":\"https:\\\/\\\/www.aldoriababy.com\\\/produkt\\\/aldoria-bambu-soft-grey\\\/\",\"url\":\"https:\\\/\\\/www.aldoriababy.com\\\/produkt\\\/aldoria-bambu-soft-grey\\\/\",\"name\":\"Best\u00e4ll Aldoria Bambu Soft - B\u00e4rsjal fr\u00e5n Aldoria Baby\",\"isPartOf\":{\"@id\":\"https:\\\/\\\/www.aldoriababy.com\\\/#website\"},\"primaryImageOfPage\":{\"@id\":\"https:\\\/\\\/www.aldoriababy.com\\\/produkt\\\/aldoria-bambu-soft-grey\\\/#primaryimage\"},\"image\":{\"@id\":\"https:\\\/\\\/www.aldoriababy.com\\\/produkt\\\/aldoria-bambu-soft-grey\\\/#primaryimage\"},\"thumbnailUrl\":\"https:\\\/\\\/www.aldoriababy.com\\\/wp-content\\\/uploads\\\/2021\\\/03\\\/grey.jpg\",\"datePublished\":\"2025-07-11T09:02:57+00:00\",\"dateModified\":\"2026-04-25T04:58:03+00:00\",\"description\":\"Aldoria Bambu Soft \u00e4r en b\u00e4rsjal i silkesmjuk bambutrik\u00e5, s\u00e4rskilt l\u00e4mplig f\u00f6r 0-6 m\u00e5nader men kan anv\u00e4ndas tills barnet blir ca 1 \u00e5r.\",\"breadcrumb\":{\"@id\":\"https:\\\/\\\/www.aldoriababy.com\\\/produkt\\\/aldoria-bambu-soft-grey\\\/#breadcrumb\"},\"inLanguage\":\"es\",\"potentialAction\":[{\"@type\":\"ReadAction\",\"target\":[\"https:\\\/\\\/www.aldoriababy.com\\\/produkt\\\/aldoria-bambu-soft-grey\\\/\"]}]},{\"@type\":\"ImageObject\",\"inLanguage\":\"es\",\"@id\":\"https:\\\/\\\/www.aldoriababy.com\\\/produkt\\\/aldoria-bambu-soft-grey\\\/#primaryimage\",\"url\":\"https:\\\/\\\/www.aldoriababy.com\\\/wp-content\\\/uploads\\\/2021\\\/03\\\/grey.jpg\",\"contentUrl\":\"https:\\\/\\\/www.aldoriababy.com\\\/wp-content\\\/uploads\\\/2021\\\/03\\\/grey.jpg\",\"width\":1437,\"height\":2048},{\"@type\":\"BreadcrumbList\",\"@id\":\"https:\\\/\\\/www.aldoriababy.com\\\/produkt\\\/aldoria-bambu-soft-grey\\\/#breadcrumb\",\"itemListElement\":[{\"@type\":\"ListItem\",\"position\":1,\"name\":\"Hem\",\"item\":\"https:\\\/\\\/www.aldoriababy.com\\\/\"},{\"@type\":\"ListItem\",\"position\":2,\"name\":\"Produkter\",\"item\":\"https:\\\/\\\/www.aldoriababy.com\\\/shop\\\/\"},{\"@type\":\"ListItem\",\"position\":3,\"name\":\"Aldoria Bambu Soft Grey\"}]},{\"@type\":\"WebSite\",\"@id\":\"https:\\\/\\\/www.aldoriababy.com\\\/#website\",\"url\":\"https:\\\/\\\/www.aldoriababy.com\\\/\",\"name\":\"Aldoria - ekologiska b\u00e4rsjalar\",\"description\":\"Aldoria - ekologiska b\u00e4rsjalar\",\"publisher\":{\"@id\":\"https:\\\/\\\/www.aldoriababy.com\\\/#organization\"},\"potentialAction\":[{\"@type\":\"SearchAction\",\"target\":{\"@type\":\"EntryPoint\",\"urlTemplate\":\"https:\\\/\\\/www.aldoriababy.com\\\/?s={search_term_string}\"},\"query-input\":{\"@type\":\"PropertyValueSpecification\",\"valueRequired\":true,\"valueName\":\"search_term_string\"}}],\"inLanguage\":\"es\"},{\"@type\":\"Organization\",\"@id\":\"https:\\\/\\\/www.aldoriababy.com\\\/#organization\",\"name\":\"Aldoria Baby\",\"url\":\"https:\\\/\\\/www.aldoriababy.com\\\/\",\"logo\":{\"@type\":\"ImageObject\",\"inLanguage\":\"es\",\"@id\":\"https:\\\/\\\/www.aldoriababy.com\\\/#\\\/schema\\\/logo\\\/image\\\/\",\"url\":\"https:\\\/\\\/www.aldoriababy.com\\\/wp-content\\\/uploads\\\/2021\\\/03\\\/aldoria-331x200-1.jpg\",\"contentUrl\":\"https:\\\/\\\/www.aldoriababy.com\\\/wp-content\\\/uploads\\\/2021\\\/03\\\/aldoria-331x200-1.jpg\",\"width\":331,\"height\":200,\"caption\":\"Aldoria Baby\"},\"image\":{\"@id\":\"https:\\\/\\\/www.aldoriababy.com\\\/#\\\/schema\\\/logo\\\/image\\\/\"}}]}<\/script>\n<!-- \/ Yoast SEO plugin. -->","yoast_head_json":{"title":"Encargar Aldoria Bambu Soft - Baby wrap de Aldoria Baby","description":"Aldoria Bambu Soft es un portabeb\u00e9s de punto de bamb\u00fa suave y sedoso, especialmente indicado para 0-6 meses, pero puede utilizarse hasta que el ni\u00f1o tenga aproximadamente 1 a\u00f1o.","robots":{"index":"index","follow":"follow","max-snippet":"max-snippet:-1","max-image-preview":"max-image-preview:large","max-video-preview":"max-video-preview:-1"},"canonical":"https:\/\/www.aldoriababy.com\/es\/producto\/aldoria-bamboo-gris-suave\/","og_locale":"es_ES","og_type":"article","og_title":"Best\u00e4ll Aldoria Bambu Soft - B\u00e4rsjal fr\u00e5n Aldoria Baby","og_description":"Aldoria Bambu Soft \u00e4r en b\u00e4rsjal i silkesmjuk bambutrik\u00e5, s\u00e4rskilt l\u00e4mplig f\u00f6r 0-6 m\u00e5nader men kan anv\u00e4ndas tills barnet blir ca 1 \u00e5r.","og_url":"https:\/\/www.aldoriababy.com\/es\/producto\/aldoria-bamboo-gris-suave\/","og_site_name":"Aldoria - ekologiska b\u00e4rsjalar","article_modified_time":"2026-04-25T04:58:03+00:00","og_image":[{"width":1437,"height":2048,"url":"https:\/\/www.aldoriababy.com\/wp-content\/uploads\/2021\/03\/grey.jpg","type":"image\/jpeg"}],"twitter_card":"summary_large_image","twitter_misc":{"Tiempo de lectura":"2 minutos"},"schema":{"@context":"https:\/\/schema.org","@graph":[{"@type":"WebPage","@id":"https:\/\/www.aldoriababy.com\/produkt\/aldoria-bambu-soft-grey\/","url":"https:\/\/www.aldoriababy.com\/produkt\/aldoria-bambu-soft-grey\/","name":"Encargar Aldoria Bambu Soft - Baby wrap de Aldoria Baby","isPartOf":{"@id":"https:\/\/www.aldoriababy.com\/#website"},"primaryImageOfPage":{"@id":"https:\/\/www.aldoriababy.com\/produkt\/aldoria-bambu-soft-grey\/#primaryimage"},"image":{"@id":"https:\/\/www.aldoriababy.com\/produkt\/aldoria-bambu-soft-grey\/#primaryimage"},"thumbnailUrl":"https:\/\/www.aldoriababy.com\/wp-content\/uploads\/2021\/03\/grey.jpg","datePublished":"2025-07-11T09:02:57+00:00","dateModified":"2026-04-25T04:58:03+00:00","description":"Aldoria Bambu Soft es un portabeb\u00e9s de punto de bamb\u00fa suave y sedoso, especialmente indicado para 0-6 meses, pero puede utilizarse hasta que el ni\u00f1o tenga aproximadamente 1 a\u00f1o.","breadcrumb":{"@id":"https:\/\/www.aldoriababy.com\/produkt\/aldoria-bambu-soft-grey\/#breadcrumb"},"inLanguage":"es","potentialAction":[{"@type":"ReadAction","target":["https:\/\/www.aldoriababy.com\/produkt\/aldoria-bambu-soft-grey\/"]}]},{"@type":"ImageObject","inLanguage":"es","@id":"https:\/\/www.aldoriababy.com\/produkt\/aldoria-bambu-soft-grey\/#primaryimage","url":"https:\/\/www.aldoriababy.com\/wp-content\/uploads\/2021\/03\/grey.jpg","contentUrl":"https:\/\/www.aldoriababy.com\/wp-content\/uploads\/2021\/03\/grey.jpg","width":1437,"height":2048},{"@type":"BreadcrumbList","@id":"https:\/\/www.aldoriababy.com\/produkt\/aldoria-bambu-soft-grey\/#breadcrumb","itemListElement":[{"@type":"ListItem","position":1,"name":"Hem","item":"https:\/\/www.aldoriababy.com\/"},{"@type":"ListItem","position":2,"name":"Produkter","item":"https:\/\/www.aldoriababy.com\/shop\/"},{"@type":"ListItem","position":3,"name":"Aldoria Bambu Soft Grey"}]},{"@type":"WebSite","@id":"https:\/\/www.aldoriababy.com\/#website","url":"https:\/\/www.aldoriababy.com\/","name":"Aldoria - fulares portabeb\u00e9s ecol\u00f3gicos","description":"Aldoria - fulares portabeb\u00e9s ecol\u00f3gicos","publisher":{"@id":"https:\/\/www.aldoriababy.com\/#organization"},"potentialAction":[{"@type":"SearchAction","target":{"@type":"EntryPoint","urlTemplate":"https:\/\/www.aldoriababy.com\/?s={search_term_string}"},"query-input":{"@type":"PropertyValueSpecification","valueRequired":true,"valueName":"search_term_string"}}],"inLanguage":"es"},{"@type":"Organization","@id":"https:\/\/www.aldoriababy.com\/#organization","name":"Aldoria Beb\u00e9","url":"https:\/\/www.aldoriababy.com\/","logo":{"@type":"ImageObject","inLanguage":"es","@id":"https:\/\/www.aldoriababy.com\/#\/schema\/logo\/image\/","url":"https:\/\/www.aldoriababy.com\/wp-content\/uploads\/2021\/03\/aldoria-331x200-1.jpg","contentUrl":"https:\/\/www.aldoriababy.com\/wp-content\/uploads\/2021\/03\/aldoria-331x200-1.jpg","width":331,"height":200,"caption":"Aldoria Baby"},"image":{"@id":"https:\/\/www.aldoriababy.com\/#\/schema\/logo\/image\/"}}]}},"_links":{"self":[{"href":"https:\/\/www.aldoriababy.com\/es\/wp-json\/wp\/v2\/product\/1365","targetHints":{"allow":["GET"]}}],"collection":[{"href":"https:\/\/www.aldoriababy.com\/es\/wp-json\/wp\/v2\/product"}],"about":[{"href":"https:\/\/www.aldoriababy.com\/es\/wp-json\/wp\/v2\/types\/product"}],"replies":[{"embeddable":true,"href":"https:\/\/www.aldoriababy.com\/es\/wp-json\/wp\/v2\/comments?post=1365"}],"wp:featuredmedia":[{"embeddable":true,"href":"https:\/\/www.aldoriababy.com\/es\/wp-json\/wp\/v2\/media\/973"}],"wp:attachment":[{"href":"https:\/\/www.aldoriababy.com\/es\/wp-json\/wp\/v2\/media?parent=1365"}],"wp:term":[{"taxonomy":"product_brand","embeddable":true,"href":"https:\/\/www.aldoriababy.com\/es\/wp-json\/wp\/v2\/product_brand?post=1365"},{"taxonomy":"product_cat","embeddable":true,"href":"https:\/\/www.aldoriababy.com\/es\/wp-json\/wp\/v2\/product_cat?post=1365"},{"taxonomy":"product_tag","embeddable":true,"href":"https:\/\/www.aldoriababy.com\/es\/wp-json\/wp\/v2\/product_tag?post=1365"}],"curies":[{"name":"wp","href":"https:\/\/api.w.org\/{rel}","templated":true}]}}