{"id":962,"date":"2022-07-06T14:06:00","date_gmt":"2022-07-06T12:06:00","guid":{"rendered":"https:\/\/www.aldoriababy.com\/?post_type=product&#038;p=962"},"modified":"2026-04-13T16:07:47","modified_gmt":"2026-04-13T14:07:47","slug":"discos-absorbentes","status":"publish","type":"product","link":"https:\/\/www.aldoriababy.com\/es\/produkt\/high-absorbant-breast-pads\/","title":{"rendered":"Pack de 4 discos absorbentes de alta absorci\u00f3n"},"content":{"rendered":"<p>Dos pares de discos absorbentes lavables para las p\u00e9rdidas durante la lactancia. Los discos est\u00e1n hechos de bamb\u00fa, un material naturalmente antibacteriano y antif\u00fangico que mantiene el pecho caliente y seco. Si tienes una infecci\u00f3n, no mezcles los discos para evitar que se propague.<\/p>\n<p>&nbsp;<\/p>\n<p>Capa exterior: bamb\u00fa 80% rizo de poli\u00e9ster 20%<\/p>\n<p>Capa interior: 90% bamb\u00fa 10% pes mayer terry<\/p>\n<p>Capa exterior: bamb\u00fa 100%<\/p>\n<p>&nbsp;<\/p>\n<p>Lavar antes de usar por primera vez y cada vez que se lava mejora la absorci\u00f3n. Temperatura de lavado 40-60\u00b0.<\/p>","protected":false},"excerpt":{"rendered":"<p>Two pair of washable nursing-ads for leaks when breastfeeding. The pads are made from bamboo that is naturally antibacterial and anti fungal that keep the breast warm and dry. If you have an infection don&#8217;t mix the pads to avoid its spreading. &nbsp; Outer layer: 80% bamboo 20% polyester terry Inner layer: 90% bamboo 10% [&hellip;]<\/p>\n","protected":false},"featured_media":963,"comment_status":"closed","ping_status":"closed","template":"","meta":[],"product_brand":[],"product_cat":[150],"product_tag":[],"class_list":{"0":"post-962","1":"product","2":"type-product","3":"status-publish","4":"has-post-thumbnail","6":"product_cat-breast-pads","8":"first","9":"instock","10":"sale","11":"taxable","12":"shipping-taxable","13":"purchasable","14":"product-type-simple"},"yoast_head":"<!-- This site is optimized with the Yoast SEO plugin v27.4 - https:\/\/yoast.com\/product\/yoast-seo-wordpress\/ -->\n<title>- Aldoria - ekologiska b\u00e4rsjalar<\/title>\n<meta name=\"robots\" content=\"index, follow, max-snippet:-1, max-image-preview:large, max-video-preview:-1\" \/>\n<link rel=\"canonical\" href=\"https:\/\/www.aldoriababy.com\/es\/producto\/discos-absorbentes\/\" \/>\n<meta property=\"og:locale\" content=\"es_ES\" \/>\n<meta property=\"og:type\" content=\"article\" \/>\n<meta property=\"og:title\" content=\"- Aldoria - ekologiska b\u00e4rsjalar\" \/>\n<meta property=\"og:description\" content=\"Two pair of washable nursing-ads for leaks when breastfeeding. The pads are made from bamboo that is naturally antibacterial and anti fungal that keep the breast warm and dry. If you have an infection don&#8217;t mix the pads to avoid its spreading. &nbsp; Outer layer: 80% bamboo 20% polyester terry Inner layer: 90% bamboo 10% [&hellip;]\" \/>\n<meta property=\"og:url\" content=\"https:\/\/www.aldoriababy.com\/es\/producto\/discos-absorbentes\/\" \/>\n<meta property=\"og:site_name\" content=\"Aldoria - ekologiska b\u00e4rsjalar\" \/>\n<meta property=\"article:modified_time\" content=\"2026-04-13T14:07:47+00:00\" \/>\n<meta property=\"og:image\" content=\"https:\/\/www.aldoriababy.com\/wp-content\/uploads\/2022\/07\/Breastpads-scaled.jpg\" \/>\n\t<meta property=\"og:image:width\" content=\"2560\" \/>\n\t<meta property=\"og:image:height\" content=\"1698\" \/>\n\t<meta property=\"og:image:type\" content=\"image\/jpeg\" \/>\n<meta name=\"twitter:card\" content=\"summary_large_image\" \/>\n<meta name=\"twitter:label1\" content=\"Tiempo de lectura\" \/>\n\t<meta name=\"twitter:data1\" content=\"1 minuto\" \/>\n<script type=\"application\/ld+json\" class=\"yoast-schema-graph\">{\"@context\":\"https:\\\/\\\/schema.org\",\"@graph\":[{\"@type\":\"WebPage\",\"@id\":\"https:\\\/\\\/www.aldoriababy.com\\\/produkt\\\/high-absorbant-breast-pads\\\/\",\"url\":\"https:\\\/\\\/www.aldoriababy.com\\\/produkt\\\/high-absorbant-breast-pads\\\/\",\"name\":\"- Aldoria - ekologiska b\u00e4rsjalar\",\"isPartOf\":{\"@id\":\"https:\\\/\\\/www.aldoriababy.com\\\/#website\"},\"primaryImageOfPage\":{\"@id\":\"https:\\\/\\\/www.aldoriababy.com\\\/produkt\\\/high-absorbant-breast-pads\\\/#primaryimage\"},\"image\":{\"@id\":\"https:\\\/\\\/www.aldoriababy.com\\\/produkt\\\/high-absorbant-breast-pads\\\/#primaryimage\"},\"thumbnailUrl\":\"https:\\\/\\\/www.aldoriababy.com\\\/wp-content\\\/uploads\\\/2022\\\/07\\\/Breastpads-scaled.jpg\",\"datePublished\":\"2022-07-06T12:06:00+00:00\",\"dateModified\":\"2026-04-13T14:07:47+00:00\",\"breadcrumb\":{\"@id\":\"https:\\\/\\\/www.aldoriababy.com\\\/produkt\\\/high-absorbant-breast-pads\\\/#breadcrumb\"},\"inLanguage\":\"es\",\"potentialAction\":[{\"@type\":\"ReadAction\",\"target\":[\"https:\\\/\\\/www.aldoriababy.com\\\/produkt\\\/high-absorbant-breast-pads\\\/\"]}]},{\"@type\":\"ImageObject\",\"inLanguage\":\"es\",\"@id\":\"https:\\\/\\\/www.aldoriababy.com\\\/produkt\\\/high-absorbant-breast-pads\\\/#primaryimage\",\"url\":\"https:\\\/\\\/www.aldoriababy.com\\\/wp-content\\\/uploads\\\/2022\\\/07\\\/Breastpads-scaled.jpg\",\"contentUrl\":\"https:\\\/\\\/www.aldoriababy.com\\\/wp-content\\\/uploads\\\/2022\\\/07\\\/Breastpads-scaled.jpg\",\"width\":2560,\"height\":1698,\"caption\":\"High absorbant breast pads\"},{\"@type\":\"BreadcrumbList\",\"@id\":\"https:\\\/\\\/www.aldoriababy.com\\\/produkt\\\/high-absorbant-breast-pads\\\/#breadcrumb\",\"itemListElement\":[{\"@type\":\"ListItem\",\"position\":1,\"name\":\"Hem\",\"item\":\"https:\\\/\\\/www.aldoriababy.com\\\/\"},{\"@type\":\"ListItem\",\"position\":2,\"name\":\"Produkter\",\"item\":\"https:\\\/\\\/www.aldoriababy.com\\\/shop\\\/\"},{\"@type\":\"ListItem\",\"position\":3,\"name\":\"High Absorbant Breast Pads 4-pack\"}]},{\"@type\":\"WebSite\",\"@id\":\"https:\\\/\\\/www.aldoriababy.com\\\/#website\",\"url\":\"https:\\\/\\\/www.aldoriababy.com\\\/\",\"name\":\"Aldoria - ekologiska b\u00e4rsjalar\",\"description\":\"Aldoria - ekologiska b\u00e4rsjalar\",\"publisher\":{\"@id\":\"https:\\\/\\\/www.aldoriababy.com\\\/#organization\"},\"potentialAction\":[{\"@type\":\"SearchAction\",\"target\":{\"@type\":\"EntryPoint\",\"urlTemplate\":\"https:\\\/\\\/www.aldoriababy.com\\\/?s={search_term_string}\"},\"query-input\":{\"@type\":\"PropertyValueSpecification\",\"valueRequired\":true,\"valueName\":\"search_term_string\"}}],\"inLanguage\":\"es\"},{\"@type\":\"Organization\",\"@id\":\"https:\\\/\\\/www.aldoriababy.com\\\/#organization\",\"name\":\"Aldoria Baby\",\"url\":\"https:\\\/\\\/www.aldoriababy.com\\\/\",\"logo\":{\"@type\":\"ImageObject\",\"inLanguage\":\"es\",\"@id\":\"https:\\\/\\\/www.aldoriababy.com\\\/#\\\/schema\\\/logo\\\/image\\\/\",\"url\":\"https:\\\/\\\/www.aldoriababy.com\\\/wp-content\\\/uploads\\\/2021\\\/03\\\/aldoria-331x200-1.jpg\",\"contentUrl\":\"https:\\\/\\\/www.aldoriababy.com\\\/wp-content\\\/uploads\\\/2021\\\/03\\\/aldoria-331x200-1.jpg\",\"width\":331,\"height\":200,\"caption\":\"Aldoria Baby\"},\"image\":{\"@id\":\"https:\\\/\\\/www.aldoriababy.com\\\/#\\\/schema\\\/logo\\\/image\\\/\"}}]}<\/script>\n<!-- \/ Yoast SEO plugin. -->","yoast_head_json":{"title":"- Aldoria - fulares portabeb\u00e9s ecol\u00f3gicos","robots":{"index":"index","follow":"follow","max-snippet":"max-snippet:-1","max-image-preview":"max-image-preview:large","max-video-preview":"max-video-preview:-1"},"canonical":"https:\/\/www.aldoriababy.com\/es\/producto\/discos-absorbentes\/","og_locale":"es_ES","og_type":"article","og_title":"- Aldoria - ekologiska b\u00e4rsjalar","og_description":"Two pair of washable nursing-ads for leaks when breastfeeding. The pads are made from bamboo that is naturally antibacterial and anti fungal that keep the breast warm and dry. If you have an infection don&#8217;t mix the pads to avoid its spreading. &nbsp; Outer layer: 80% bamboo 20% polyester terry Inner layer: 90% bamboo 10% [&hellip;]","og_url":"https:\/\/www.aldoriababy.com\/es\/producto\/discos-absorbentes\/","og_site_name":"Aldoria - ekologiska b\u00e4rsjalar","article_modified_time":"2026-04-13T14:07:47+00:00","og_image":[{"width":2560,"height":1698,"url":"https:\/\/www.aldoriababy.com\/wp-content\/uploads\/2022\/07\/Breastpads-scaled.jpg","type":"image\/jpeg"}],"twitter_card":"summary_large_image","twitter_misc":{"Tiempo de lectura":"1 minuto"},"schema":{"@context":"https:\/\/schema.org","@graph":[{"@type":"WebPage","@id":"https:\/\/www.aldoriababy.com\/produkt\/high-absorbant-breast-pads\/","url":"https:\/\/www.aldoriababy.com\/produkt\/high-absorbant-breast-pads\/","name":"- Aldoria - fulares portabeb\u00e9s ecol\u00f3gicos","isPartOf":{"@id":"https:\/\/www.aldoriababy.com\/#website"},"primaryImageOfPage":{"@id":"https:\/\/www.aldoriababy.com\/produkt\/high-absorbant-breast-pads\/#primaryimage"},"image":{"@id":"https:\/\/www.aldoriababy.com\/produkt\/high-absorbant-breast-pads\/#primaryimage"},"thumbnailUrl":"https:\/\/www.aldoriababy.com\/wp-content\/uploads\/2022\/07\/Breastpads-scaled.jpg","datePublished":"2022-07-06T12:06:00+00:00","dateModified":"2026-04-13T14:07:47+00:00","breadcrumb":{"@id":"https:\/\/www.aldoriababy.com\/produkt\/high-absorbant-breast-pads\/#breadcrumb"},"inLanguage":"es","potentialAction":[{"@type":"ReadAction","target":["https:\/\/www.aldoriababy.com\/produkt\/high-absorbant-breast-pads\/"]}]},{"@type":"ImageObject","inLanguage":"es","@id":"https:\/\/www.aldoriababy.com\/produkt\/high-absorbant-breast-pads\/#primaryimage","url":"https:\/\/www.aldoriababy.com\/wp-content\/uploads\/2022\/07\/Breastpads-scaled.jpg","contentUrl":"https:\/\/www.aldoriababy.com\/wp-content\/uploads\/2022\/07\/Breastpads-scaled.jpg","width":2560,"height":1698,"caption":"High absorbant breast pads"},{"@type":"BreadcrumbList","@id":"https:\/\/www.aldoriababy.com\/produkt\/high-absorbant-breast-pads\/#breadcrumb","itemListElement":[{"@type":"ListItem","position":1,"name":"Hem","item":"https:\/\/www.aldoriababy.com\/"},{"@type":"ListItem","position":2,"name":"Produkter","item":"https:\/\/www.aldoriababy.com\/shop\/"},{"@type":"ListItem","position":3,"name":"High Absorbant Breast Pads 4-pack"}]},{"@type":"WebSite","@id":"https:\/\/www.aldoriababy.com\/#website","url":"https:\/\/www.aldoriababy.com\/","name":"Aldoria - fulares portabeb\u00e9s ecol\u00f3gicos","description":"Aldoria - fulares portabeb\u00e9s ecol\u00f3gicos","publisher":{"@id":"https:\/\/www.aldoriababy.com\/#organization"},"potentialAction":[{"@type":"SearchAction","target":{"@type":"EntryPoint","urlTemplate":"https:\/\/www.aldoriababy.com\/?s={search_term_string}"},"query-input":{"@type":"PropertyValueSpecification","valueRequired":true,"valueName":"search_term_string"}}],"inLanguage":"es"},{"@type":"Organization","@id":"https:\/\/www.aldoriababy.com\/#organization","name":"Aldoria Beb\u00e9","url":"https:\/\/www.aldoriababy.com\/","logo":{"@type":"ImageObject","inLanguage":"es","@id":"https:\/\/www.aldoriababy.com\/#\/schema\/logo\/image\/","url":"https:\/\/www.aldoriababy.com\/wp-content\/uploads\/2021\/03\/aldoria-331x200-1.jpg","contentUrl":"https:\/\/www.aldoriababy.com\/wp-content\/uploads\/2021\/03\/aldoria-331x200-1.jpg","width":331,"height":200,"caption":"Aldoria Baby"},"image":{"@id":"https:\/\/www.aldoriababy.com\/#\/schema\/logo\/image\/"}}]}},"_links":{"self":[{"href":"https:\/\/www.aldoriababy.com\/es\/wp-json\/wp\/v2\/product\/962","targetHints":{"allow":["GET"]}}],"collection":[{"href":"https:\/\/www.aldoriababy.com\/es\/wp-json\/wp\/v2\/product"}],"about":[{"href":"https:\/\/www.aldoriababy.com\/es\/wp-json\/wp\/v2\/types\/product"}],"replies":[{"embeddable":true,"href":"https:\/\/www.aldoriababy.com\/es\/wp-json\/wp\/v2\/comments?post=962"}],"wp:featuredmedia":[{"embeddable":true,"href":"https:\/\/www.aldoriababy.com\/es\/wp-json\/wp\/v2\/media\/963"}],"wp:attachment":[{"href":"https:\/\/www.aldoriababy.com\/es\/wp-json\/wp\/v2\/media?parent=962"}],"wp:term":[{"taxonomy":"product_brand","embeddable":true,"href":"https:\/\/www.aldoriababy.com\/es\/wp-json\/wp\/v2\/product_brand?post=962"},{"taxonomy":"product_cat","embeddable":true,"href":"https:\/\/www.aldoriababy.com\/es\/wp-json\/wp\/v2\/product_cat?post=962"},{"taxonomy":"product_tag","embeddable":true,"href":"https:\/\/www.aldoriababy.com\/es\/wp-json\/wp\/v2\/product_tag?post=962"}],"curies":[{"name":"wp","href":"https:\/\/api.w.org\/{rel}","templated":true}]}}